{"id":1608,"date":"2018-11-20T07:19:23","date_gmt":"2018-11-20T07:19:23","guid":{"rendered":"http:\/\/vietbee.vn\/?post_type=product&#038;p=1608"},"modified":"2018-11-20T07:19:24","modified_gmt":"2018-11-20T07:19:24","slug":"laptop-lenovo-thinkpad-t480s-20l7s00t00-black","status":"publish","type":"product","link":"https:\/\/vietbee.com\/en\/product\/laptop-lenovo-thinkpad-t480s-20l7s00t00-black\/","title":{"rendered":"Laptop Lenovo Thinkpad T480S-20L7S00T00 (Black)"},"content":{"rendered":"Th\u00f4ng s\u1ed1 k\u1ef9 thu\u1eadt:<br \/>\nS\u1ea3n ph\u00e2\u0309m: M\u00e1y t\u00ednh x\u00e1ch tay tay Lenovo ThinkPad T480s &#8211; 20L7S00T00<br \/>\nT\u00ean H\u00e3ng: Lenovo<br \/>\nModel: Lenovo ThinkPad T480s<br \/>\nB\u00f4\u0323 VXL: i5-8250U<br \/>\nC\u1ea1c \u0111\u1ed3 h\u1ecda: Intel\u00ae UHD Graphics 620<br \/>\nB\u1ed9 nh\u1edb: 8GB DDR4<br \/>\n\u1ed4 c\u1ee9ng: 256GB SSD M.2 NVMe<br \/>\nM\u00e0n h\u00ecnh: 14\u201d FHD IPS<br \/>\n\u1ed4 \u0111\u0129a quang: Kh\u00f4ng<br \/>\nK\u1ebft n\u1ed1i: WIFI +BT<br \/>\nGigabit Ethernet<br \/>\nC\u1ed5ng giao ti\u1ebfp<br \/>\n2 x USB 3.1 Gen 1 (one Always On)<br \/>\n1 x USB 3.1 Gen 1 Type-C (Power Delivery, DisplayPort, Data transfer)<br \/>\n1 x USB 3.1 Gen 2 Type-C \/ Intel Thunderbolt 3 (Power Delivery, DisplayPort, Data transfer)<br \/>\n4-in-1 Micro SD card reader (SD, MMC, SDHC, SDXC)<br \/>\nHeadphone and microphone combo jack<br \/>\nHDMI<br \/>\nRJ45 Gigabit Ethernet<br \/>\nWebcam: C\u00f3<br \/>\nNh\u00e2\u0323n d\u1ea1ng v\u00e2n tay: C\u00f3<br \/>\nT\u00ednh n\u0103ng kh\u00e1c<\/p>\n<p>H\u1ec7 \u0111i\u1ec1u h\u00e0nh: No OS<br \/>\nPin: 3Cell 57WH<br \/>\nK\u00edch th\u01b0\u1edbc: 331 mm x 226.8 mm x 18.45 mm \/ 13.03&#8243; x 8.92&#8243; x 0.72&#8243;<br \/>\nTr\u1ecdng l\u01b0\u1ee3ng: Starting at 2.90 lbs (1.3 kg)<br \/>\nM\u00e0u s\u1eafc: M\u00e0u \u0110en","protected":false},"excerpt":{"rendered":"<p>&#8211; CPU: Core i5 8250U<br \/>\n&#8211; RAM\/ HDD: 8Gb\/ 256Gb SSD<br \/>\n&#8211; M\u00e0n h\u00ecnh: 14.0Inch Full HD<br \/>\n&#8211; VGA: VGA onboard, Intel HD Graphics 620<br \/>\n&#8211; H\u0110H: Dos<br \/>\n&#8211; M\u00e0u s\u1eafc\/ Ch\u1ea5t li\u1ec7u: Black<\/p>\n","protected":false},"featured_media":1609,"template":"","meta":[],"product_brand":[],"product_cat":[249,251],"product_tag":[320],"pa_bo-nho-trong":[],"pa_bo-vi-xu-ly":[],"pa_do-dai":[],"pa_do-phan-giai":[],"pa_hang-san-xuat":[],"pa_kich-thuoc-man-hinh":[],"pa_micro-thu-am":[],"pa_nha-thong-minh-rang-dong":[],"pa_o-cung":[],"pa_ong-kinh":[],"pa_poe":[],"pa_ports":[],"pa_tam-quan-sat":[],"pa_theo-chuan":[],"class_list":{"0":"post-1608","1":"product","2":"type-product","3":"status-publish","4":"has-post-thumbnail","6":"product_cat-may-tinh-laptop","7":"product_cat-may-tinh-xach-tay","8":"product_tag-laptop-lenovo-thinkpad-t480s-20l7s00t00-black","10":"first","11":"instock","12":"shipping-taxable","13":"product-type-simple"},"_links":{"self":[{"href":"https:\/\/vietbee.com\/en\/wp-json\/wp\/v2\/product\/1608","targetHints":{"allow":["GET"]}}],"collection":[{"href":"https:\/\/vietbee.com\/en\/wp-json\/wp\/v2\/product"}],"about":[{"href":"https:\/\/vietbee.com\/en\/wp-json\/wp\/v2\/types\/product"}],"wp:featuredmedia":[{"embeddable":true,"href":"https:\/\/vietbee.com\/en\/wp-json\/wp\/v2\/media\/1609"}],"wp:attachment":[{"href":"https:\/\/vietbee.com\/en\/wp-json\/wp\/v2\/media?parent=1608"}],"wp:term":[{"taxonomy":"product_brand","embeddable":true,"href":"https:\/\/vietbee.com\/en\/wp-json\/wp\/v2\/product_brand?post=1608"},{"taxonomy":"product_cat","embeddable":true,"href":"https:\/\/vietbee.com\/en\/wp-json\/wp\/v2\/product_cat?post=1608"},{"taxonomy":"product_tag","embeddable":true,"href":"https:\/\/vietbee.com\/en\/wp-json\/wp\/v2\/product_tag?post=1608"},{"taxonomy":"pa_bo-nho-trong","embeddable":true,"href":"https:\/\/vietbee.com\/en\/wp-json\/wp\/v2\/pa_bo-nho-trong?post=1608"},{"taxonomy":"pa_bo-vi-xu-ly","embeddable":true,"href":"https:\/\/vietbee.com\/en\/wp-json\/wp\/v2\/pa_bo-vi-xu-ly?post=1608"},{"taxonomy":"pa_do-dai","embeddable":true,"href":"https:\/\/vietbee.com\/en\/wp-json\/wp\/v2\/pa_do-dai?post=1608"},{"taxonomy":"pa_do-phan-giai","embeddable":true,"href":"https:\/\/vietbee.com\/en\/wp-json\/wp\/v2\/pa_do-phan-giai?post=1608"},{"taxonomy":"pa_hang-san-xuat","embeddable":true,"href":"https:\/\/vietbee.com\/en\/wp-json\/wp\/v2\/pa_hang-san-xuat?post=1608"},{"taxonomy":"pa_kich-thuoc-man-hinh","embeddable":true,"href":"https:\/\/vietbee.com\/en\/wp-json\/wp\/v2\/pa_kich-thuoc-man-hinh?post=1608"},{"taxonomy":"pa_micro-thu-am","embeddable":true,"href":"https:\/\/vietbee.com\/en\/wp-json\/wp\/v2\/pa_micro-thu-am?post=1608"},{"taxonomy":"pa_nha-thong-minh-rang-dong","embeddable":true,"href":"https:\/\/vietbee.com\/en\/wp-json\/wp\/v2\/pa_nha-thong-minh-rang-dong?post=1608"},{"taxonomy":"pa_o-cung","embeddable":true,"href":"https:\/\/vietbee.com\/en\/wp-json\/wp\/v2\/pa_o-cung?post=1608"},{"taxonomy":"pa_ong-kinh","embeddable":true,"href":"https:\/\/vietbee.com\/en\/wp-json\/wp\/v2\/pa_ong-kinh?post=1608"},{"taxonomy":"pa_poe","embeddable":true,"href":"https:\/\/vietbee.com\/en\/wp-json\/wp\/v2\/pa_poe?post=1608"},{"taxonomy":"pa_ports","embeddable":true,"href":"https:\/\/vietbee.com\/en\/wp-json\/wp\/v2\/pa_ports?post=1608"},{"taxonomy":"pa_tam-quan-sat","embeddable":true,"href":"https:\/\/vietbee.com\/en\/wp-json\/wp\/v2\/pa_tam-quan-sat?post=1608"},{"taxonomy":"pa_theo-chuan","embeddable":true,"href":"https:\/\/vietbee.com\/en\/wp-json\/wp\/v2\/pa_theo-chuan?post=1608"}],"curies":[{"name":"wp","href":"https:\/\/api.w.org\/{rel}","templated":true}]}}