{"id":1604,"date":"2018-11-20T04:22:06","date_gmt":"2018-11-20T04:22:06","guid":{"rendered":"http:\/\/vietbee.vn\/?post_type=product&#038;p=1604"},"modified":"2022-10-25T08:12:40","modified_gmt":"2022-10-25T08:12:40","slug":"laptop-lenovo-thinkpad-t470s-20hga0glva-black","status":"publish","type":"product","link":"https:\/\/vietbee.com\/en\/product\/laptop-lenovo-thinkpad-t470s-20hga0glva-black\/","title":{"rendered":"Laptop Lenovo Thinkpad T470S-20HGA0GLVA (Black)"},"content":{"rendered":"<p>Th\u00f4ng s\u1ed1 k\u1ef9 thu\u1eadt sa\u0309n ph\u00e2\u0309m: Laptop Lenovo Thinkpad T470S-20HGA0GLVA (Black)<br \/>\nT\u00ean Ha\u0303ng: Lenovo<br \/>\nModel: Thinkpad T470S-20HGA0GLVA<br \/>\nB\u00f4\u0323 VXL Core i7 7500U (2.6Ghz-4Mb)<br \/>\nC\u1ea1c \u0111\u1ed3 h\u1ecda VGA onboard, Intel HD Graphics 620<br \/>\nB\u1ed9 nh\u1edb 8Gb<br \/>\n\u1ed4 c\u1ee9ng 256Gb SSD<br \/>\nM\u00e0n h\u00ecnh 14.0Inch Full HD<br \/>\n\u1ed4 \u0111\u0129a quang Kh\u00f4ng co\u0301<br \/>\nK\u1ebft n\u1ed1i LAN, Wifi, bluetooth<br \/>\nC\u1ed5ng giao ti\u1ebfp 3 x USB 3.0 1 x VGA Card Reader x 1 HDMI<br \/>\nWebcam C\u00f3<br \/>\nNh\u00e2\u0323n da\u0323ng v\u00e2n tay C\u00f3<br \/>\nT\u00ednh n\u0103ng kh\u00e1c<br \/>\nSa\u0309n ph\u00e2\u0309m cao c\u00e2\u0301p, thi\u00ea\u0301t k\u00ea\u0301 mo\u0309ng<br \/>\nH\u1ec7 \u0111i\u1ec1u h\u00e0nh<br \/>\nDos<br \/>\nPin 3 cell<br \/>\nKi\u0301ch th\u01b0\u01a1\u0301c 33.1 x 22.6 x 2.1 cm<br \/>\nTro\u0323ng l\u01b0\u01a1\u0323ng 1.6 kg<br \/>\nM\u00e0u s\u1eafc\/ Ch\u1ea5t lieu Black<\/p>\n","protected":false},"excerpt":{"rendered":"<p>Th\u00f4ng s\u1ed1 k\u1ef9 thu\u1eadt sa\u0309n ph\u00e2\u0309m: Laptop Lenovo Thinkpad T470S-20HGA0GLVA (Black) T\u00ean Ha\u0303ng: Lenovo Model: Thinkpad T470S-20HGA0GLVA B\u00f4\u0323 VXL Core i7 7500U (2.6Ghz-4Mb) C\u1ea1c \u0111\u1ed3 h\u1ecda VGA onboard, Intel HD Graphics 620 B\u1ed9 nh\u1edb 8Gb \u1ed4 c\u1ee9ng 256Gb SSD M\u00e0n h\u00ecnh 14.0Inch Full HD \u1ed4 \u0111\u0129a quang Kh\u00f4ng co\u0301 K\u1ebft n\u1ed1i LAN, Wifi, bluetooth C\u1ed5ng<\/p>\n","protected":false},"featured_media":1914,"template":"","meta":[],"product_brand":[],"product_cat":[249,251],"product_tag":[318],"pa_bo-nho-trong":[],"pa_bo-vi-xu-ly":[],"pa_do-dai":[],"pa_do-phan-giai":[],"pa_hang-san-xuat":[],"pa_kich-thuoc-man-hinh":[],"pa_micro-thu-am":[],"pa_nha-thong-minh-rang-dong":[],"pa_o-cung":[],"pa_ong-kinh":[],"pa_poe":[],"pa_ports":[],"pa_tam-quan-sat":[],"pa_theo-chuan":[],"class_list":{"0":"post-1604","1":"product","2":"type-product","3":"status-publish","4":"has-post-thumbnail","6":"product_cat-may-tinh-laptop","7":"product_cat-may-tinh-xach-tay","8":"product_tag-laptop-lenovo-thinkpad-t470s-20hga0glva-black","10":"first","11":"instock","12":"shipping-taxable","13":"product-type-simple"},"_links":{"self":[{"href":"https:\/\/vietbee.com\/en\/wp-json\/wp\/v2\/product\/1604","targetHints":{"allow":["GET"]}}],"collection":[{"href":"https:\/\/vietbee.com\/en\/wp-json\/wp\/v2\/product"}],"about":[{"href":"https:\/\/vietbee.com\/en\/wp-json\/wp\/v2\/types\/product"}],"wp:featuredmedia":[{"embeddable":true,"href":"https:\/\/vietbee.com\/en\/wp-json\/wp\/v2\/media\/1914"}],"wp:attachment":[{"href":"https:\/\/vietbee.com\/en\/wp-json\/wp\/v2\/media?parent=1604"}],"wp:term":[{"taxonomy":"product_brand","embeddable":true,"href":"https:\/\/vietbee.com\/en\/wp-json\/wp\/v2\/product_brand?post=1604"},{"taxonomy":"product_cat","embeddable":true,"href":"https:\/\/vietbee.com\/en\/wp-json\/wp\/v2\/product_cat?post=1604"},{"taxonomy":"product_tag","embeddable":true,"href":"https:\/\/vietbee.com\/en\/wp-json\/wp\/v2\/product_tag?post=1604"},{"taxonomy":"pa_bo-nho-trong","embeddable":true,"href":"https:\/\/vietbee.com\/en\/wp-json\/wp\/v2\/pa_bo-nho-trong?post=1604"},{"taxonomy":"pa_bo-vi-xu-ly","embeddable":true,"href":"https:\/\/vietbee.com\/en\/wp-json\/wp\/v2\/pa_bo-vi-xu-ly?post=1604"},{"taxonomy":"pa_do-dai","embeddable":true,"href":"https:\/\/vietbee.com\/en\/wp-json\/wp\/v2\/pa_do-dai?post=1604"},{"taxonomy":"pa_do-phan-giai","embeddable":true,"href":"https:\/\/vietbee.com\/en\/wp-json\/wp\/v2\/pa_do-phan-giai?post=1604"},{"taxonomy":"pa_hang-san-xuat","embeddable":true,"href":"https:\/\/vietbee.com\/en\/wp-json\/wp\/v2\/pa_hang-san-xuat?post=1604"},{"taxonomy":"pa_kich-thuoc-man-hinh","embeddable":true,"href":"https:\/\/vietbee.com\/en\/wp-json\/wp\/v2\/pa_kich-thuoc-man-hinh?post=1604"},{"taxonomy":"pa_micro-thu-am","embeddable":true,"href":"https:\/\/vietbee.com\/en\/wp-json\/wp\/v2\/pa_micro-thu-am?post=1604"},{"taxonomy":"pa_nha-thong-minh-rang-dong","embeddable":true,"href":"https:\/\/vietbee.com\/en\/wp-json\/wp\/v2\/pa_nha-thong-minh-rang-dong?post=1604"},{"taxonomy":"pa_o-cung","embeddable":true,"href":"https:\/\/vietbee.com\/en\/wp-json\/wp\/v2\/pa_o-cung?post=1604"},{"taxonomy":"pa_ong-kinh","embeddable":true,"href":"https:\/\/vietbee.com\/en\/wp-json\/wp\/v2\/pa_ong-kinh?post=1604"},{"taxonomy":"pa_poe","embeddable":true,"href":"https:\/\/vietbee.com\/en\/wp-json\/wp\/v2\/pa_poe?post=1604"},{"taxonomy":"pa_ports","embeddable":true,"href":"https:\/\/vietbee.com\/en\/wp-json\/wp\/v2\/pa_ports?post=1604"},{"taxonomy":"pa_tam-quan-sat","embeddable":true,"href":"https:\/\/vietbee.com\/en\/wp-json\/wp\/v2\/pa_tam-quan-sat?post=1604"},{"taxonomy":"pa_theo-chuan","embeddable":true,"href":"https:\/\/vietbee.com\/en\/wp-json\/wp\/v2\/pa_theo-chuan?post=1604"}],"curies":[{"name":"wp","href":"https:\/\/api.w.org\/{rel}","templated":true}]}}