{"id":1366,"date":"2018-10-30T10:27:16","date_gmt":"2018-10-30T10:27:16","guid":{"rendered":"http:\/\/vietbee.vn\/?post_type=product&#038;p=1366"},"modified":"2018-11-20T03:18:55","modified_gmt":"2018-11-20T03:18:55","slug":"fortigate-300d","status":"publish","type":"product","link":"https:\/\/vietbee.com\/en\/product\/fortigate-300d\/","title":{"rendered":"Fortigate 300D"},"content":{"rendered":"<p>Thi\u1ebft b\u1ecb b\u1ea3o v\u1ec7 m\u1ea1ng: Firewall Fortigate 300D | FG-300D-BDL<br \/>\nS\u1ea3n ph\u1ea9m: FORTIGATE 300D<br \/>\nM\u00e3 s\u1ea3n ph\u1ea9m: FG-300D-BDL<br \/>\nFirewall Throughput (1518 \/ 512 \/ 64 byte UDP)<br \/>\n(N\u0103ng l\u1ef1c T\u01b0\u1eddng l\u1eeda (1518\/512\/64 byte UDP)) 8\/8\/8 Gbps<br \/>\nFirewall Latency (64 byte UDP packet)<br \/>\n(\u0110\u1ed9 tr\u1ec5 c\u1ee7a t\u01b0\u1eddng l\u1eeda) 3 \u03bcs<br \/>\nFirewall Throughput (Packets Per Second)<br \/>\n(N\u0103ng l\u1ef1c T\u01b0\u1eddng l\u1eeda (S\u1ed1 g\u00f3i\/gi\u00e2y)) 12.000.000 pps<br \/>\nConcurrent Sessions (TCP)<br \/>\n(Phi\u00ean l\u00e0m vi\u1ec7c \u0111\u1ed3ng th\u1eddi) 6.000.000<br \/>\nNew Sessions\/Sec (TCP)<br \/>\n(Phi\u00ean l\u00e0m vi\u1ec7c m\u1edbi\/gi\u00e2y) 200.000<br \/>\nFirewall Policies<br \/>\n(S\u1ed1 ch\u00ednh s\u00e1ch b\u1ea3o m\u1eadt) 10.000<br \/>\nIPSec VPN Throughput (512 byte packets)<br \/>\n(N\u0103ng l\u1ef1c IPSec VPN) 7 Gbps<br \/>\nMax Gateway-to-Gateway IPSec Tunnels<br \/>\n(K\u1ebft n\u1ed1i IPSec Gateway-to-Gateway t\u1ed1i \u0111a) 2.000<br \/>\nMax Client-to-Gateway IPSec Tunnels<br \/>\n(K\u1ebft n\u1ed1i IPSec Client-to-Gateway t\u1ed1i \u0111a) 10.000<br \/>\nSSL VPN Throughput<br \/>\n(N\u0103ng l\u1ef1c SSL VPN) 350Mbps<br \/>\nRecommended SSL VPN Users<br \/>\n(S\u1ed1 ng\u01b0\u1eddi d\u00f9ng SSL VPN \u0111\u1ec1 ngh\u1ecb) 500<br \/>\nIPS Throughput<br \/>\n(N\u0103ng l\u1ef1c IPS-Ch\u1ed1ng x\u00e2m nh\u1eadp) 2,8Gbps<br \/>\nAntivirus Throughput (Proxy Based \/ Flow Based)<br \/>\n(N\u0103ng l\u1ef1c ch\u1ed1ng vi-r\u00fat (Ch\u1ebf \u0111\u1ed9 Proxy\/Ch\u1ebf \u0111\u1ed9 Flow)) 1,4\/2,5Gbps<br \/>\nMax FortiAPs (Total\/Tunnel Mode)<br \/>\n(H\u1ed7 tr\u1ee3 s\u1ed1 l\u01b0\u1ee3ng FortiAP t\u1ed1i \u0111a) 512\/256<br \/>\nMax FortiTokens<br \/>\n(H\u1ed7 tr\u1ee3 s\u1ed1 l\u01b0\u1ee3ng FortiToken t\u1ed1i \u0111a) 1.000<br \/>\nMax Number of Registered FortiClients<br \/>\n(H\u1ed7 tr\u1ee3 s\u1ed1 l\u01b0\u1ee3ng \u0111\u0103ng k\u00fd FortiClient t\u1ed1i \u0111a) 600<br \/>\nVirtual Domains (Default \/ Max)<br \/>\n(H\u1ec7 th\u1ed1ng \u1ea3o (M\u1eb7c \u0110\u1ecbnh\/T\u1ed1i \u0110a)) 10\/10<br \/>\nInterfaces (FE, GE ports)<br \/>\n(Giao ti\u1ebfp (C\u1ed5ng FE (10\/100), GE (10\/100\/1000)) 6 x GE RJ45, 4 x GE SFP<br \/>\nInterfaces (Others) (Giao ti\u1ebfp kh\u00e1c)<br \/>\nLocal Storage (L\u01b0u tr\u1eef) 120 GB SSD<br \/>\nPower Supplies<br \/>\n(B\u1ed9 c\u1ea5p \u0111i\u1ec7n)<br \/>\nSinger AC Power Supply, opt. Ext RPS<br \/>\nForm Factor (D\u1ea1ng thi\u1ebft b\u1ecb ph\u1ea7n c\u1ee9ng)<br \/>\nRack Mount, 1 RU<br \/>\nVariants (C\u00e1c d\u00f2ng s\u1ea3n ph\u1ea9m, phi\u00ean b\u1ea3n)<br \/>\nData sheet FG-300D-BDL<br \/>\nDownload here<\/p>\n","protected":false},"excerpt":{"rendered":"<p>Thi\u1ebft b\u1ecb b\u1ea3o v\u1ec7 m\u1ea1ng: Firewall Fortigate 300D | FG-300D-BDL S\u1ea3n ph\u1ea9m: FORTIGATE 300D M\u00e3 s\u1ea3n ph\u1ea9m: FG-300D-BDL Firewall Throughput (1518 \/ 512 \/ 64 byte UDP) (N\u0103ng l\u1ef1c T\u01b0\u1eddng l\u1eeda (1518\/512\/64 byte UDP)) 8\/8\/8 Gbps Firewall Latency (64 byte UDP packet) (\u0110\u1ed9 tr\u1ec5 c\u1ee7a t\u01b0\u1eddng l\u1eeda) 3 \u03bcs Firewall Throughput (Packets Per Second) (N\u0103ng<\/p>\n","protected":false},"featured_media":1595,"template":"","meta":[],"product_brand":[],"product_cat":[45,75],"product_tag":[270],"pa_bo-nho-trong":[],"pa_bo-vi-xu-ly":[],"pa_do-dai":[],"pa_do-phan-giai":[],"pa_hang-san-xuat":[],"pa_kich-thuoc-man-hinh":[],"pa_micro-thu-am":[],"pa_nha-thong-minh-rang-dong":[],"pa_o-cung":[],"pa_ong-kinh":[],"pa_poe":[],"pa_ports":[],"pa_tam-quan-sat":[],"pa_theo-chuan":[],"class_list":{"0":"post-1366","1":"product","2":"type-product","3":"status-publish","4":"has-post-thumbnail","6":"product_cat-thiet-bi-mang","7":"product_cat-router-firewalls","8":"product_tag-fortigate-300d","10":"first","11":"instock","12":"shipping-taxable","13":"product-type-simple"},"_links":{"self":[{"href":"https:\/\/vietbee.com\/en\/wp-json\/wp\/v2\/product\/1366","targetHints":{"allow":["GET"]}}],"collection":[{"href":"https:\/\/vietbee.com\/en\/wp-json\/wp\/v2\/product"}],"about":[{"href":"https:\/\/vietbee.com\/en\/wp-json\/wp\/v2\/types\/product"}],"wp:featuredmedia":[{"embeddable":true,"href":"https:\/\/vietbee.com\/en\/wp-json\/wp\/v2\/media\/1595"}],"wp:attachment":[{"href":"https:\/\/vietbee.com\/en\/wp-json\/wp\/v2\/media?parent=1366"}],"wp:term":[{"taxonomy":"product_brand","embeddable":true,"href":"https:\/\/vietbee.com\/en\/wp-json\/wp\/v2\/product_brand?post=1366"},{"taxonomy":"product_cat","embeddable":true,"href":"https:\/\/vietbee.com\/en\/wp-json\/wp\/v2\/product_cat?post=1366"},{"taxonomy":"product_tag","embeddable":true,"href":"https:\/\/vietbee.com\/en\/wp-json\/wp\/v2\/product_tag?post=1366"},{"taxonomy":"pa_bo-nho-trong","embeddable":true,"href":"https:\/\/vietbee.com\/en\/wp-json\/wp\/v2\/pa_bo-nho-trong?post=1366"},{"taxonomy":"pa_bo-vi-xu-ly","embeddable":true,"href":"https:\/\/vietbee.com\/en\/wp-json\/wp\/v2\/pa_bo-vi-xu-ly?post=1366"},{"taxonomy":"pa_do-dai","embeddable":true,"href":"https:\/\/vietbee.com\/en\/wp-json\/wp\/v2\/pa_do-dai?post=1366"},{"taxonomy":"pa_do-phan-giai","embeddable":true,"href":"https:\/\/vietbee.com\/en\/wp-json\/wp\/v2\/pa_do-phan-giai?post=1366"},{"taxonomy":"pa_hang-san-xuat","embeddable":true,"href":"https:\/\/vietbee.com\/en\/wp-json\/wp\/v2\/pa_hang-san-xuat?post=1366"},{"taxonomy":"pa_kich-thuoc-man-hinh","embeddable":true,"href":"https:\/\/vietbee.com\/en\/wp-json\/wp\/v2\/pa_kich-thuoc-man-hinh?post=1366"},{"taxonomy":"pa_micro-thu-am","embeddable":true,"href":"https:\/\/vietbee.com\/en\/wp-json\/wp\/v2\/pa_micro-thu-am?post=1366"},{"taxonomy":"pa_nha-thong-minh-rang-dong","embeddable":true,"href":"https:\/\/vietbee.com\/en\/wp-json\/wp\/v2\/pa_nha-thong-minh-rang-dong?post=1366"},{"taxonomy":"pa_o-cung","embeddable":true,"href":"https:\/\/vietbee.com\/en\/wp-json\/wp\/v2\/pa_o-cung?post=1366"},{"taxonomy":"pa_ong-kinh","embeddable":true,"href":"https:\/\/vietbee.com\/en\/wp-json\/wp\/v2\/pa_ong-kinh?post=1366"},{"taxonomy":"pa_poe","embeddable":true,"href":"https:\/\/vietbee.com\/en\/wp-json\/wp\/v2\/pa_poe?post=1366"},{"taxonomy":"pa_ports","embeddable":true,"href":"https:\/\/vietbee.com\/en\/wp-json\/wp\/v2\/pa_ports?post=1366"},{"taxonomy":"pa_tam-quan-sat","embeddable":true,"href":"https:\/\/vietbee.com\/en\/wp-json\/wp\/v2\/pa_tam-quan-sat?post=1366"},{"taxonomy":"pa_theo-chuan","embeddable":true,"href":"https:\/\/vietbee.com\/en\/wp-json\/wp\/v2\/pa_theo-chuan?post=1366"}],"curies":[{"name":"wp","href":"https:\/\/api.w.org\/{rel}","templated":true}]}}