{"id":1157,"date":"2018-10-16T06:51:49","date_gmt":"2018-10-16T06:51:49","guid":{"rendered":"http:\/\/vietbee.vn\/?post_type=product&#038;p=1157"},"modified":"2020-07-31T08:32:14","modified_gmt":"2020-07-31T08:32:14","slug":"ubiquiti-unifi-ap-lr","status":"publish","type":"product","link":"https:\/\/vietbee.com\/en\/product\/ubiquiti-unifi-ap-lr\/","title":{"rendered":"ubiquiti uniFi AP -LR"},"content":{"rendered":"<p>Th\u00f4ng s\u1ed1 k\u1ef9 thu\u1eadt c\u1ee7a Ubiquiti Unifi AP AC Pro (UAP-AC-Pro)<br \/>\nChuy\u00ean d\u1ee5ng: Trong nh\u00e0 v\u1edbi 2 d\u1ea3i t\u1ea7n s\u1eed d\u1ee5ng \u0111\u1ed3ng th\u1eddi 2.4Ghz v\u00e0 5Ghz<br \/>\nChu\u1ea9n: 802.11 a\/b\/g\/n\/ac (450 Mbps\/ 2,4GHz v\u00e0 1300Mbps\/ 5GHz)<br \/>\nT\u1ea7n s\u1ed1: 2.4 Ghz v\u00e0 5Ghz<br \/>\nC\u1ed5ng k\u1ebft n\u1ed1i: 10\/100\/1000 x 2 c\u1ed5ng.<br \/>\nC\u1ed5ng USB: 1 c\u1ed5ng.<br \/>\nCh\u1ebf \u0111\u1ed9: AP, WDS.<br \/>\nC\u00f4ng su\u1ea5t ph\u00e1t : M\u1ea1nh<br \/>\nAnten t\u00edch h\u1ee3p s\u1eb5n: MIMO 3&#215;3 (2,4GHz &amp; 5GHz)<br \/>\nB\u1ea3o m\u1eadt: WEP, WPA-PSK, WPA-TKIP, WPA2 AES, 802.11i<br \/>\nH\u1ed5 tr\u1ee3: VLAN theo chu\u1ea9n 802.11Q, WMM, gi\u1edbi h\u1ea1n t\u1ed1c \u0111\u1ed9 truy c\u1eadp cho t\u1eebng ng\u01b0\u1eddi d\u00f9ng.<br \/>\nV\u00f9ng ph\u1ee7 s\u00f3ng\/ Ng\u01b0\u1eddi d\u00f9ng \u0111\u1ed3ng th\u1eddi: 2000m2 kh\u00f4ng che ch\u1eafn\/ 100 ng\u01b0\u1eddi<br \/>\nPh\u1ee5 ki\u1ec7n: Ngu\u1ed3n PoE 48V h\u1ed5 tr\u1ee3 chu\u1ea9n 802.3 af\/at.<br \/>\n\u1ee8ng d\u1ee5ng c\u1ee7a Ubiquiti Unifi AP AC Pro (UAP-AC-Pro)<br \/>\nPh\u1ee7 s\u00f3ng WiFi c\u1ea3 2 d\u1ea3i t\u1ea7n 2.4Ghz v\u00e0 5Ghz n\u00ean th\u00edch h\u1ee3p cho nh\u1eefng \u0111\u1ecba \u0111i\u1ec3m c\u00f3 m\u1eadt \u0111\u1ed9 ng\u01b0\u1eddi d\u00f9ng cao.<br \/>\nC\u00e1c thi\u1ebft b\u1ecb k\u1ebft n\u1ed1i v\u00f4 tuy\u1ebfn (MESH) trong d\u00e3i t\u1ea7n 5Ghz v\u00e0 ph\u1ee7 s\u00f3ng trong d\u1ea3i t\u1ea7n 2.4Ghz n\u00ean th\u00edch h\u1ee3p cho nh\u1eefng \u0111\u1ecba \u0111i\u1ec3m kh\u00f3 \u0111i d\u00e2y.<br \/>\nT\u1ea1o ra 04 VLAN thu\u1eadn ti\u1ec7n trong vi\u1ec7c ph\u00e2n nh\u00f3m ng\u01b0\u1eddi d\u00f9ng \u0111\u1ec3 n\u00e2ng cao an ninh cho to\u00e0n h\u1ec7 th\u1ed1ng n\u00ean thich h\u1ee3p cho doanh nghi\u1ec7p y\u00eau c\u1ea7u cao trong b\u1ea3o m\u1eadt.<br \/>\nTh\u00edch h\u1ee3p t\u01b0 v\u1ea5n l\u1eafp \u0111\u1eb7t wifi cho v\u0103n ph\u00f2ng, doanh nghi\u1ec7p, t\u00f2a nh\u00e0, kh\u00e1ch s\u1ea1n, tr\u01b0\u1eddng h\u1ecdc, b\u1ec7nh vi\u1ec7n&#8230;<br \/>\nUniFi AC Pro AP Up to 5X Faster with Dual-Radio 3&#215;3 11AC MIMO Technology<br \/>\nUniFi AC Pro AP h\u1ed7 tr\u1ee3 hai b\u0103ng t\u1ea7n, c\u00f4ng ngh\u1ec7 3&#215;3 MIMO v\u1edbi c\u00e1c b\u0103ng t\u1ea7n 5 and 2.4 GHz.<\/p>\n","protected":false},"excerpt":{"rendered":"<ul>\n<li>Chuy\u00ean d\u1ee5ng trong nh\u00e0.<\/li>\n<li>Ph\u1ee7 s\u00f3ng WiFi c\u1ea3 2 d\u1ea3i t\u1ea7n 2.4Ghz v\u00e0 5Ghz n\u00ean th\u00edch h\u1ee3p cho nh\u1eefng \u0111\u1ecba \u0111i\u1ec3m c\u00f3 m\u1eadt \u0111\u1ed9 ng\u01b0\u1eddi d\u00f9ng cao.<\/li>\n<li>V\u00f9ng ph\u1ee7 s\u00f3ng\/ Ng\u01b0\u1eddi d\u00f9ng \u0111\u1ed3ng th\u1eddi: 2000m2 kh\u00f4ng che ch\u1eafn\/ 100 ng\u01b0\u1eddi.<\/li>\n<\/ul>\n<p>&nbsp;<\/p>\n","protected":false},"featured_media":1920,"template":"","meta":[],"product_brand":[],"product_cat":[45,28],"product_tag":[185],"pa_bo-nho-trong":[],"pa_bo-vi-xu-ly":[],"pa_do-dai":[],"pa_do-phan-giai":[],"pa_hang-san-xuat":[1067],"pa_kich-thuoc-man-hinh":[],"pa_micro-thu-am":[],"pa_nha-thong-minh-rang-dong":[],"pa_o-cung":[],"pa_ong-kinh":[],"pa_poe":[],"pa_ports":[],"pa_tam-quan-sat":[],"pa_theo-chuan":[1068],"class_list":{"0":"post-1157","1":"product","2":"type-product","3":"status-publish","4":"has-post-thumbnail","6":"product_cat-thiet-bi-mang","7":"product_cat-wireless-products","8":"product_tag-ubiquiti-unifi-ap-lr","9":"pa_hang-san-xuat-ubiquiti","10":"pa_theo-chuan-chuan-mimo-3x3","12":"first","13":"instock","14":"shipping-taxable","15":"product-type-simple"},"_links":{"self":[{"href":"https:\/\/vietbee.com\/en\/wp-json\/wp\/v2\/product\/1157","targetHints":{"allow":["GET"]}}],"collection":[{"href":"https:\/\/vietbee.com\/en\/wp-json\/wp\/v2\/product"}],"about":[{"href":"https:\/\/vietbee.com\/en\/wp-json\/wp\/v2\/types\/product"}],"wp:featuredmedia":[{"embeddable":true,"href":"https:\/\/vietbee.com\/en\/wp-json\/wp\/v2\/media\/1920"}],"wp:attachment":[{"href":"https:\/\/vietbee.com\/en\/wp-json\/wp\/v2\/media?parent=1157"}],"wp:term":[{"taxonomy":"product_brand","embeddable":true,"href":"https:\/\/vietbee.com\/en\/wp-json\/wp\/v2\/product_brand?post=1157"},{"taxonomy":"product_cat","embeddable":true,"href":"https:\/\/vietbee.com\/en\/wp-json\/wp\/v2\/product_cat?post=1157"},{"taxonomy":"product_tag","embeddable":true,"href":"https:\/\/vietbee.com\/en\/wp-json\/wp\/v2\/product_tag?post=1157"},{"taxonomy":"pa_bo-nho-trong","embeddable":true,"href":"https:\/\/vietbee.com\/en\/wp-json\/wp\/v2\/pa_bo-nho-trong?post=1157"},{"taxonomy":"pa_bo-vi-xu-ly","embeddable":true,"href":"https:\/\/vietbee.com\/en\/wp-json\/wp\/v2\/pa_bo-vi-xu-ly?post=1157"},{"taxonomy":"pa_do-dai","embeddable":true,"href":"https:\/\/vietbee.com\/en\/wp-json\/wp\/v2\/pa_do-dai?post=1157"},{"taxonomy":"pa_do-phan-giai","embeddable":true,"href":"https:\/\/vietbee.com\/en\/wp-json\/wp\/v2\/pa_do-phan-giai?post=1157"},{"taxonomy":"pa_hang-san-xuat","embeddable":true,"href":"https:\/\/vietbee.com\/en\/wp-json\/wp\/v2\/pa_hang-san-xuat?post=1157"},{"taxonomy":"pa_kich-thuoc-man-hinh","embeddable":true,"href":"https:\/\/vietbee.com\/en\/wp-json\/wp\/v2\/pa_kich-thuoc-man-hinh?post=1157"},{"taxonomy":"pa_micro-thu-am","embeddable":true,"href":"https:\/\/vietbee.com\/en\/wp-json\/wp\/v2\/pa_micro-thu-am?post=1157"},{"taxonomy":"pa_nha-thong-minh-rang-dong","embeddable":true,"href":"https:\/\/vietbee.com\/en\/wp-json\/wp\/v2\/pa_nha-thong-minh-rang-dong?post=1157"},{"taxonomy":"pa_o-cung","embeddable":true,"href":"https:\/\/vietbee.com\/en\/wp-json\/wp\/v2\/pa_o-cung?post=1157"},{"taxonomy":"pa_ong-kinh","embeddable":true,"href":"https:\/\/vietbee.com\/en\/wp-json\/wp\/v2\/pa_ong-kinh?post=1157"},{"taxonomy":"pa_poe","embeddable":true,"href":"https:\/\/vietbee.com\/en\/wp-json\/wp\/v2\/pa_poe?post=1157"},{"taxonomy":"pa_ports","embeddable":true,"href":"https:\/\/vietbee.com\/en\/wp-json\/wp\/v2\/pa_ports?post=1157"},{"taxonomy":"pa_tam-quan-sat","embeddable":true,"href":"https:\/\/vietbee.com\/en\/wp-json\/wp\/v2\/pa_tam-quan-sat?post=1157"},{"taxonomy":"pa_theo-chuan","embeddable":true,"href":"https:\/\/vietbee.com\/en\/wp-json\/wp\/v2\/pa_theo-chuan?post=1157"}],"curies":[{"name":"wp","href":"https:\/\/api.w.org\/{rel}","templated":true}]}}