{"id":1116,"date":"2018-10-16T03:13:26","date_gmt":"2018-10-16T03:13:26","guid":{"rendered":"http:\/\/vietbee.vn\/?post_type=product&#038;p=1116"},"modified":"2020-08-03T07:34:45","modified_gmt":"2020-08-03T07:34:45","slug":"ubiquiti-nanobeam-5ac-16-nbe-5ac-16","status":"publish","type":"product","link":"https:\/\/vietbee.com\/en\/product\/ubiquiti-nanobeam-5ac-16-nbe-5ac-16\/","title":{"rendered":"ubiquiti nanobeam 5AC 16 NBE-5AC-16"},"content":{"rendered":"<p>NanoBeam 5AC 16 NBE-5AC-16<br \/>\n\u25ba Ubiquiti NBE-5AC-16 l\u00e0 thi\u1ebft b\u1ecb c\u1ea7u n\u1ed1i trong m\u1ea1ng c\u00f3 hi\u1ec7u n\u0103ng cao m\u1edbi s\u1eed d\u1ee5ng c\u00f4ng ngh\u1ec7 airMAX c\u1ee7a Ubiquiti, v\u1edbi ki\u1ec3u d\u00e1ng nh\u1ecf g\u1ecdn d\u1ec5 d\u00e0ng l\u1eafp \u0111\u1eb7t.<\/p>\n<p>\u25ba Ubiquiti NBE-5AC-16 s\u1edf h\u1eefu t\u00ednh n\u0103ng ch\u00f9m tia ch\u1ec9 \u0111\u1ea1o tuy\u1ec7t v\u1eddi, th\u00edch h\u1ee3p v\u1edbi c\u00e1c m\u00f4i tr\u01b0\u1eddng c\u00f3 ti\u1ebfng \u1ed3n cao.<\/p>\n<p>Th\u00f4ng tin k\u1ef9 thu\u1eadt Ubiquiti NBE-5AC-16<\/p>\n<p>Dimensions 140 x 140 x 54 mm (5.51 x 5.51 x 2.13&#8243;)<br \/>\nWeight 0.320 kg (0.71 lb)<br \/>\nPower Supply 24V, 0.5A Gigabit PoE<br \/>\nMax. Power Consumption 6W<br \/>\nOperating Frequency Worldwide &#8211; 5150 &#8211; 5875 MHz<br \/>\nGain 16 dBi<br \/>\nNetworking Interface (1) 10\/100\/1000 Ethernet Port<br \/>\nProcessor Specs Atheros MIPS 74Kc, 533 MHz<br \/>\nMemory 64 MB DDR2, 8 MB Flash<br \/>\nLEDs (1) Power, (1) LAN, (4) WLAN<br \/>\nSignal Strength LEDs Software-Adjustable to Correspond to Custom RSSI Levels<br \/>\nMax. VSWR 1.5:1<br \/>\nChannel Sizes PtP Mode: 10\/20\/30\/40\/50\/60\/80 MHz<br \/>\nPtMP Mode: 10\/20\/30\/40 MHz<br \/>\nPolarization Dual Linear<br \/>\nEnclosure Outdoor UV Stabilized Plastic<br \/>\nMounting Pole-Mount (Kit Included), Wall-Mount<br \/>\nWind Loading 21.4 N @ 200 km\/h (4.8 lbf @ 125 mph)<br \/>\nWind Survivability 200 km\/h (125 mph)<br \/>\nESD\/EMP Protection Air: \u00b1 24 kV, Contact: \u00b1 24 kV<br \/>\nOperating Temperature -40 to 70\u00b0 C (-40 to 158\u00b0 F)<br \/>\nOperating Humidity 5 to 95% Noncondensing<br \/>\nWireless Approvals FCC, IC, CE<br \/>\nRoHS Compliance Yes<br \/>\nSalt Fog Test IEC 68-2-11 (ASTM B117), Equivalent: MIL-STD-810 G Method 509.5<br \/>\nVibration Test IEC 68-2-6<br \/>\nTemperature Shock Test IEC 68-2-14<br \/>\nUV Test IEC 68-2-5 at 40\u00b0 C (104\u00b0 F), Equivalent: ETS 300 019-1-4<br \/>\nWind-Driven Rain Test ETS 300 019-1-4, Equivalent: MIL-STD-810 G Method 506.5<\/p>\n","protected":false},"excerpt":{"rendered":"<p>NBE-5AC-16<\/p>\n<p>High-Performance airMAX\u00ae ac Bridge Incorporating innovative industrial design with proprietary airMAX\u00ae ac technology, the NanoBeam\u00ae ac is ideal for CPE deployments requiring maximum performance from the smallest possible footprint.<\/p>\n","protected":false},"featured_media":1930,"template":"","meta":[],"product_brand":[],"product_cat":[45,28],"product_tag":[1088,176],"pa_bo-nho-trong":[],"pa_bo-vi-xu-ly":[],"pa_do-dai":[],"pa_do-phan-giai":[],"pa_hang-san-xuat":[1067],"pa_kich-thuoc-man-hinh":[],"pa_micro-thu-am":[],"pa_nha-thong-minh-rang-dong":[],"pa_o-cung":[],"pa_ong-kinh":[],"pa_poe":[],"pa_ports":[],"pa_tam-quan-sat":[],"pa_theo-chuan":[1025],"class_list":{"0":"post-1116","1":"product","2":"type-product","3":"status-publish","4":"has-post-thumbnail","6":"product_cat-thiet-bi-mang","7":"product_cat-wireless-products","8":"product_tag-ubiquiti-nanobeam","9":"product_tag-ubiquiti-nanobeam-5ac-16-nbe-5ac-16","10":"pa_hang-san-xuat-ubiquiti","11":"pa_theo-chuan-chuan-ac","13":"first","14":"instock","15":"shipping-taxable","16":"product-type-simple"},"_links":{"self":[{"href":"https:\/\/vietbee.com\/en\/wp-json\/wp\/v2\/product\/1116","targetHints":{"allow":["GET"]}}],"collection":[{"href":"https:\/\/vietbee.com\/en\/wp-json\/wp\/v2\/product"}],"about":[{"href":"https:\/\/vietbee.com\/en\/wp-json\/wp\/v2\/types\/product"}],"wp:featuredmedia":[{"embeddable":true,"href":"https:\/\/vietbee.com\/en\/wp-json\/wp\/v2\/media\/1930"}],"wp:attachment":[{"href":"https:\/\/vietbee.com\/en\/wp-json\/wp\/v2\/media?parent=1116"}],"wp:term":[{"taxonomy":"product_brand","embeddable":true,"href":"https:\/\/vietbee.com\/en\/wp-json\/wp\/v2\/product_brand?post=1116"},{"taxonomy":"product_cat","embeddable":true,"href":"https:\/\/vietbee.com\/en\/wp-json\/wp\/v2\/product_cat?post=1116"},{"taxonomy":"product_tag","embeddable":true,"href":"https:\/\/vietbee.com\/en\/wp-json\/wp\/v2\/product_tag?post=1116"},{"taxonomy":"pa_bo-nho-trong","embeddable":true,"href":"https:\/\/vietbee.com\/en\/wp-json\/wp\/v2\/pa_bo-nho-trong?post=1116"},{"taxonomy":"pa_bo-vi-xu-ly","embeddable":true,"href":"https:\/\/vietbee.com\/en\/wp-json\/wp\/v2\/pa_bo-vi-xu-ly?post=1116"},{"taxonomy":"pa_do-dai","embeddable":true,"href":"https:\/\/vietbee.com\/en\/wp-json\/wp\/v2\/pa_do-dai?post=1116"},{"taxonomy":"pa_do-phan-giai","embeddable":true,"href":"https:\/\/vietbee.com\/en\/wp-json\/wp\/v2\/pa_do-phan-giai?post=1116"},{"taxonomy":"pa_hang-san-xuat","embeddable":true,"href":"https:\/\/vietbee.com\/en\/wp-json\/wp\/v2\/pa_hang-san-xuat?post=1116"},{"taxonomy":"pa_kich-thuoc-man-hinh","embeddable":true,"href":"https:\/\/vietbee.com\/en\/wp-json\/wp\/v2\/pa_kich-thuoc-man-hinh?post=1116"},{"taxonomy":"pa_micro-thu-am","embeddable":true,"href":"https:\/\/vietbee.com\/en\/wp-json\/wp\/v2\/pa_micro-thu-am?post=1116"},{"taxonomy":"pa_nha-thong-minh-rang-dong","embeddable":true,"href":"https:\/\/vietbee.com\/en\/wp-json\/wp\/v2\/pa_nha-thong-minh-rang-dong?post=1116"},{"taxonomy":"pa_o-cung","embeddable":true,"href":"https:\/\/vietbee.com\/en\/wp-json\/wp\/v2\/pa_o-cung?post=1116"},{"taxonomy":"pa_ong-kinh","embeddable":true,"href":"https:\/\/vietbee.com\/en\/wp-json\/wp\/v2\/pa_ong-kinh?post=1116"},{"taxonomy":"pa_poe","embeddable":true,"href":"https:\/\/vietbee.com\/en\/wp-json\/wp\/v2\/pa_poe?post=1116"},{"taxonomy":"pa_ports","embeddable":true,"href":"https:\/\/vietbee.com\/en\/wp-json\/wp\/v2\/pa_ports?post=1116"},{"taxonomy":"pa_tam-quan-sat","embeddable":true,"href":"https:\/\/vietbee.com\/en\/wp-json\/wp\/v2\/pa_tam-quan-sat?post=1116"},{"taxonomy":"pa_theo-chuan","embeddable":true,"href":"https:\/\/vietbee.com\/en\/wp-json\/wp\/v2\/pa_theo-chuan?post=1116"}],"curies":[{"name":"wp","href":"https:\/\/api.w.org\/{rel}","templated":true}]}}