{"id":1106,"date":"2018-10-16T02:44:08","date_gmt":"2018-10-16T02:44:08","guid":{"rendered":"http:\/\/vietbee.vn\/?post_type=product&#038;p=1106"},"modified":"2018-11-20T03:48:58","modified_gmt":"2018-11-20T03:48:58","slug":"thiet-bi-dinh-tuyen-edgerouter-x-sfp","status":"publish","type":"product","link":"https:\/\/vietbee.com\/en\/product\/thiet-bi-dinh-tuyen-edgerouter-x-sfp\/","title":{"rendered":"Thi\u1ebft b\u1ecb \u0111\u1ecbnh tuy\u1ebfn EdgeRouter X SFP"},"content":{"rendered":"Ubiquiti EdgeRouter X SFP l\u00e0 s\u1ea3n ph\u1ea9m \u0111\u1ed9t ph\u00e1 v\u1ec1 gi\u00e1 c\u1ea3 v\u1edbi hi\u1ec7u su\u1ea5t cao, ki\u1ec3u d\u00e1ng nh\u1ecf g\u1ecdn th\u00edch h\u1ee3p tri\u1ec3n khai cho c\u00e1c doanh nghi\u1ec7p v\u1eeba v\u00e0 nh\u1ecf nh\u01b0 Nh\u00e0 h\u00e0ng, kh\u00e1ch s\u1ea1n, qu\u00e1n c\u00e0 ph\u00ea c\u00f3 quy m\u00f4 v\u1eeba.<br \/>\nUbiquiti EdgeRouter X SFP h\u1ed5 tr\u1ee3 5 c\u1ed5ng c\u1ea5p ngu\u1ed3n PoE 24V cho thi\u1ebft b\u1ecb b\u00ean ngo\u00e0i v\u1edbi d\u00f2ng s\u1ea3n ph\u1ea9m AirMax v\u00e0 UniFi. Ngo\u00e0i ra, c\u00f3 th\u00eam m\u1ed9t c\u1ed5ng SFP cho k\u1ebft n\u1ed1i c\u00e1p quang v\u00e0 h\u1ed5 tr\u1ee3 c\u00e1c \u1ee9ng d\u1ee5ng backhaul.<br \/>\nER-X &#8211; SFP t\u00edch h\u1ee3p m\u1ed9t c\u1ed5ng SFP k\u1ebft n\u1ed1i c\u00e1p quang \u0111\u1ebfn Internet v\u00e0 cung c\u1ea5p ngu\u1ed3n th\u1ee5 \u0111\u1ed9ng PoE 24V cho 5 thi\u1ebft b\u1ecb Rocket ac.<br \/>\nC\u00e1c EdgeRouter X SFP c\u00f3 th\u1ec3 d\u1ec5 d\u00e0ng c\u1ea5u h\u00ecnh c\u00e1c ch\u1ee9c n\u0103ng \u0111\u1ecbnh tuy\u1ebfn, b\u1ea3o m\u1eadt v\u00e0 c\u00e1c t\u00ednh n\u0103ng qu\u1ea3n l\u00fd c\u1ea7n thi\u1ebft \u0111\u1ec3 h\u1ec7 th\u1ed1ng m\u1ea1ng ch\u1ea1y v\u1edbi hi\u1ec7u su\u1ea5t cao. Th\u00f4ng qua giao di\u1ec7n Web qu\u1ea3n l\u00fd tr\u1ef1c quan ng\u01b0\u1eddi d\u00f9ng c\u00f3 m\u1ed9t c\u00e1i nh\u00ecn tr\u1ef1c quan v\u1ec1 s\u1ef1 ho\u1ea1t \u0111\u1ed9ng c\u00e1c c\u1ed5ng, c\u00e1c k\u1ebft n\u1ed1i v\u1eadt l\u00fd, t\u1ed1c \u0111\u1ed9 v\u00e0 tr\u1ea1ng th\u00e1i.<br \/>\nNgo\u00e0i ra, n\u00f3 c\u00f2n t\u00edch h\u1ee3p giao di\u1ec7n CLI h\u1ed5 tr\u1ee3 cho c\u00e1c chuy\u00ean gia c\u1ea5u h\u00ecnh b\u1eb1ng d\u00f2ng l\u1ec7nh nhanh ch\u00f3ng v\u00e0 truy c\u1eadp c\u00e1c ch\u1ee9c n\u0103ng cao c\u1ea5p th\u00f4ng qua d\u00f2ng l\u1ec7nh m\u00e0 giao di\u1ec7n ch\u01b0a h\u1ed5 tr\u1ee3.","protected":false},"excerpt":{"rendered":"<p>Th\u00f4ng s\u1ed1 k\u1ef9 thu\u1eadt:<\/p>\n<p>H\u00e3ng s\u1ea3n xu\u1ea5t: Ubiquiti Unifi.<br \/>\nModel: ER\u2011X\u2011<br \/>\nThi\u1ebft b\u1ecb \u0111\u1ecbnh tuy\u1ebfn EdgeRouter X SFP.<br \/>\nCPU : Dual-Core 880 MHz, MIPS1004Kc.<br \/>\nRAM : 256 MB DDR3 RAM.<br \/>\nB\u1ed9 nh\u1edb l\u01b0u tr\u1eef : 256 MB NAND.<br \/>\n(5) C\u1ed5ng m\u1ea1ng 1G c\u1ea5p ngu\u1ed3n passive PoE 24V 50W.<br \/>\nC\u1ed5ng quang SFP.<br \/>\n130 kpps for 64\u2011byte packets.<br \/>\n1 Gbps for 1518-byte packets.<br \/>\nL\u1eafp \u0111\u1eb7t treo t\u01b0\u1eddng.<\/p>\n","protected":false},"featured_media":1601,"template":"","meta":[],"product_brand":[],"product_cat":[45,75],"product_tag":[174],"pa_bo-nho-trong":[],"pa_bo-vi-xu-ly":[],"pa_do-dai":[],"pa_do-phan-giai":[],"pa_hang-san-xuat":[],"pa_kich-thuoc-man-hinh":[],"pa_micro-thu-am":[],"pa_nha-thong-minh-rang-dong":[],"pa_o-cung":[],"pa_ong-kinh":[],"pa_poe":[],"pa_ports":[],"pa_tam-quan-sat":[],"pa_theo-chuan":[],"class_list":{"0":"post-1106","1":"product","2":"type-product","3":"status-publish","4":"has-post-thumbnail","6":"product_cat-thiet-bi-mang","7":"product_cat-router-firewalls","8":"product_tag-thiet-bi-dinh-tuyen-edgerouter-x-sfp","10":"first","11":"instock","12":"shipping-taxable","13":"product-type-simple"},"_links":{"self":[{"href":"https:\/\/vietbee.com\/en\/wp-json\/wp\/v2\/product\/1106","targetHints":{"allow":["GET"]}}],"collection":[{"href":"https:\/\/vietbee.com\/en\/wp-json\/wp\/v2\/product"}],"about":[{"href":"https:\/\/vietbee.com\/en\/wp-json\/wp\/v2\/types\/product"}],"wp:featuredmedia":[{"embeddable":true,"href":"https:\/\/vietbee.com\/en\/wp-json\/wp\/v2\/media\/1601"}],"wp:attachment":[{"href":"https:\/\/vietbee.com\/en\/wp-json\/wp\/v2\/media?parent=1106"}],"wp:term":[{"taxonomy":"product_brand","embeddable":true,"href":"https:\/\/vietbee.com\/en\/wp-json\/wp\/v2\/product_brand?post=1106"},{"taxonomy":"product_cat","embeddable":true,"href":"https:\/\/vietbee.com\/en\/wp-json\/wp\/v2\/product_cat?post=1106"},{"taxonomy":"product_tag","embeddable":true,"href":"https:\/\/vietbee.com\/en\/wp-json\/wp\/v2\/product_tag?post=1106"},{"taxonomy":"pa_bo-nho-trong","embeddable":true,"href":"https:\/\/vietbee.com\/en\/wp-json\/wp\/v2\/pa_bo-nho-trong?post=1106"},{"taxonomy":"pa_bo-vi-xu-ly","embeddable":true,"href":"https:\/\/vietbee.com\/en\/wp-json\/wp\/v2\/pa_bo-vi-xu-ly?post=1106"},{"taxonomy":"pa_do-dai","embeddable":true,"href":"https:\/\/vietbee.com\/en\/wp-json\/wp\/v2\/pa_do-dai?post=1106"},{"taxonomy":"pa_do-phan-giai","embeddable":true,"href":"https:\/\/vietbee.com\/en\/wp-json\/wp\/v2\/pa_do-phan-giai?post=1106"},{"taxonomy":"pa_hang-san-xuat","embeddable":true,"href":"https:\/\/vietbee.com\/en\/wp-json\/wp\/v2\/pa_hang-san-xuat?post=1106"},{"taxonomy":"pa_kich-thuoc-man-hinh","embeddable":true,"href":"https:\/\/vietbee.com\/en\/wp-json\/wp\/v2\/pa_kich-thuoc-man-hinh?post=1106"},{"taxonomy":"pa_micro-thu-am","embeddable":true,"href":"https:\/\/vietbee.com\/en\/wp-json\/wp\/v2\/pa_micro-thu-am?post=1106"},{"taxonomy":"pa_nha-thong-minh-rang-dong","embeddable":true,"href":"https:\/\/vietbee.com\/en\/wp-json\/wp\/v2\/pa_nha-thong-minh-rang-dong?post=1106"},{"taxonomy":"pa_o-cung","embeddable":true,"href":"https:\/\/vietbee.com\/en\/wp-json\/wp\/v2\/pa_o-cung?post=1106"},{"taxonomy":"pa_ong-kinh","embeddable":true,"href":"https:\/\/vietbee.com\/en\/wp-json\/wp\/v2\/pa_ong-kinh?post=1106"},{"taxonomy":"pa_poe","embeddable":true,"href":"https:\/\/vietbee.com\/en\/wp-json\/wp\/v2\/pa_poe?post=1106"},{"taxonomy":"pa_ports","embeddable":true,"href":"https:\/\/vietbee.com\/en\/wp-json\/wp\/v2\/pa_ports?post=1106"},{"taxonomy":"pa_tam-quan-sat","embeddable":true,"href":"https:\/\/vietbee.com\/en\/wp-json\/wp\/v2\/pa_tam-quan-sat?post=1106"},{"taxonomy":"pa_theo-chuan","embeddable":true,"href":"https:\/\/vietbee.com\/en\/wp-json\/wp\/v2\/pa_theo-chuan?post=1106"}],"curies":[{"name":"wp","href":"https:\/\/api.w.org\/{rel}","templated":true}]}}