{"id":409,"date":"2018-09-06T07:37:09","date_gmt":"2018-09-06T07:37:09","guid":{"rendered":"http:\/\/vietbee.daphongthuylucky.com\/?page_id=409"},"modified":"2018-09-06T07:37:09","modified_gmt":"2018-09-06T07:37:09","slug":"doi-hang-trong-vong-7-ngay","status":"publish","type":"page","link":"https:\/\/vietbee.com\/en\/doi-hang-trong-vong-7-ngay\/","title":{"rendered":"\u0110\u1ed5i h\u00e0ng trong v\u00f2ng 7 ng\u00e0y"},"content":{"rendered":"<p>\u0110\u1ed5i h\u00e0ng trong v\u00f2ng 7 ng\u00e0y&#8230;<\/p>\n","protected":false},"excerpt":{"rendered":"<p>\u0110\u1ed5i h\u00e0ng trong v\u00f2ng 7 ng\u00e0y&#8230;<\/p>\n","protected":false},"author":1,"featured_media":0,"parent":0,"menu_order":0,"comment_status":"closed","ping_status":"closed","template":"","meta":{"footnotes":""},"class_list":["post-409","page","type-page","status-publish","hentry"],"_links":{"self":[{"href":"https:\/\/vietbee.com\/en\/wp-json\/wp\/v2\/pages\/409","targetHints":{"allow":["GET"]}}],"collection":[{"href":"https:\/\/vietbee.com\/en\/wp-json\/wp\/v2\/pages"}],"about":[{"href":"https:\/\/vietbee.com\/en\/wp-json\/wp\/v2\/types\/page"}],"author":[{"embeddable":true,"href":"https:\/\/vietbee.com\/en\/wp-json\/wp\/v2\/users\/1"}],"replies":[{"embeddable":true,"href":"https:\/\/vietbee.com\/en\/wp-json\/wp\/v2\/comments?post=409"}],"version-history":[{"count":0,"href":"https:\/\/vietbee.com\/en\/wp-json\/wp\/v2\/pages\/409\/revisions"}],"wp:attachment":[{"href":"https:\/\/vietbee.com\/en\/wp-json\/wp\/v2\/media?parent=409"}],"curies":[{"name":"wp","href":"https:\/\/api.w.org\/{rel}","templated":true}]}}