{"id":403,"date":"2018-09-06T07:29:04","date_gmt":"2018-09-06T07:29:04","guid":{"rendered":"http:\/\/vietbee.daphongthuylucky.com\/?page_id=403"},"modified":"2018-09-06T07:29:04","modified_gmt":"2018-09-06T07:29:04","slug":"chinh-sach-uu-dai","status":"publish","type":"page","link":"https:\/\/vietbee.com\/en\/chinh-sach-uu-dai\/","title":{"rendered":"Ch\u00ednh s\u00e1ch \u01b0u \u0111\u00e3i"},"content":{"rendered":"<p>Ch\u00ednh s\u00e1ch \u01b0u \u0111\u00e3i&#8230;<\/p>\n","protected":false},"excerpt":{"rendered":"<p>Ch\u00ednh s\u00e1ch \u01b0u \u0111\u00e3i&#8230;<\/p>\n","protected":false},"author":1,"featured_media":0,"parent":0,"menu_order":0,"comment_status":"closed","ping_status":"closed","template":"","meta":{"footnotes":""},"class_list":["post-403","page","type-page","status-publish","hentry"],"_links":{"self":[{"href":"https:\/\/vietbee.com\/en\/wp-json\/wp\/v2\/pages\/403","targetHints":{"allow":["GET"]}}],"collection":[{"href":"https:\/\/vietbee.com\/en\/wp-json\/wp\/v2\/pages"}],"about":[{"href":"https:\/\/vietbee.com\/en\/wp-json\/wp\/v2\/types\/page"}],"author":[{"embeddable":true,"href":"https:\/\/vietbee.com\/en\/wp-json\/wp\/v2\/users\/1"}],"replies":[{"embeddable":true,"href":"https:\/\/vietbee.com\/en\/wp-json\/wp\/v2\/comments?post=403"}],"version-history":[{"count":0,"href":"https:\/\/vietbee.com\/en\/wp-json\/wp\/v2\/pages\/403\/revisions"}],"wp:attachment":[{"href":"https:\/\/vietbee.com\/en\/wp-json\/wp\/v2\/media?parent=403"}],"curies":[{"name":"wp","href":"https:\/\/api.w.org\/{rel}","templated":true}]}}