{"id":401,"date":"2018-09-06T07:28:32","date_gmt":"2018-09-06T07:28:32","guid":{"rendered":"http:\/\/vietbee.daphongthuylucky.com\/?page_id=401"},"modified":"2018-09-06T07:28:32","modified_gmt":"2018-09-06T07:28:32","slug":"huong-dan-doi-tra-hang","status":"publish","type":"page","link":"https:\/\/vietbee.com\/en\/huong-dan-doi-tra-hang\/","title":{"rendered":"H\u01b0\u1edbng d\u1eabn \u0111\u1ed5i tr\u1ea3 h\u00e0ng"},"content":{"rendered":"<p>V\u1edbi mong mu\u1ed1n mang l\u1ea1i s\u1ef1 h\u00e0i l\u00f2ng cho qu\u00fd kh\u00e1ch khi mua h\u00e0ng t\u1ea1i VietBee , ch\u00fang t\u00f4i\u00a0 c\u00f3 nh\u1eefng quy \u0111\u1ecbnh trong tr\u01b0\u1eddng h\u1ee3p qu\u00fd kh\u00e1ch mu\u1ed1n \u0111\u1ed5i hay tr\u1ea3 h\u00e0ng; nh\u1eb1m \u0111\u1ea3m b\u1ea3o r\u1eb1ng nh\u1eefng s\u1ea3n ph\u1ea9m qu\u00fd kh\u00e1ch mua l\u00e0 s\u1ea3n ph\u1ea9m m\u00e0 v\u1eeba \u00fd nh\u1ea5t.<br \/>\nTr\u01b0\u1eddng h\u1ee3p \u0111\u01b0\u1ee3c tr\u1ea3 h\u00e0ng, \u0111\u1ed5i h\u00e0ng:<br \/>\n&#8211; H\u00e0ng kh\u00f4ng \u0111\u00fang ch\u1ee7ng lo\u1ea1i, m\u1eabu m\u00e3 nh\u01b0 qu\u00fd kh\u00e1ch \u0111\u1eb7t h\u00e0ng.<br \/>\n&#8211; Kh\u00f4ng \u0111\u1ee7 s\u1ed1 l\u01b0\u1ee3ng, kh\u00f4ng \u0111\u1ee7 b\u1ed9 nh\u01b0 trong \u0111\u01a1n h\u00e0ng.<br \/>\n&#8211; T\u00ecnh tr\u1ea1ng b\u00ean ngo\u00e0i b\u1ecb \u1ea3nh h\u01b0\u1edfng nh\u01b0 r\u00e1ch bao b\u00ec, bong tr\u00f3c, b\u1ec3 v\u1ee1\u2026<br \/>\n&#8211; Sai th\u00f4ng tin b\u1ea3o h\u00e0nh theo ch\u00ednh s\u00e1ch b\u1ea3o h\u00e0nh c\u1ee7a VietBee.<br \/>\n&#8211; H\u00e0ng b\u1ecb l\u1ed7i, kh\u00f4ng \u0111\u1ea1t ch\u1ea5t l\u01b0\u1ee3ng nh\u01b0 kh\u00f4ng v\u1eadn h\u00e0nh \u0111\u01b0\u1ee3c, h\u1ecfng h\u00f3c kh\u00e1ch quan trong\u00a0 ph\u1ea1m vi b\u1ea3o h\u00e0nh c\u1ee7a nh\u00e0 cung c\u1ea5p, nh\u00e0 s\u1ea3n xu\u1ea5t&#8230;<br \/>\nTr\u01b0\u1eddng h\u1ee3p kh\u00f4ng \u0111\u01b0\u1ee3c \u0111\u1ed5i ho\u1eb7c tr\u1ea3:<br \/>\n&#8211; G\u1eedi l\u1ea1i h\u00e0ng kh\u00f4ng \u0111\u00fang m\u1eabu m\u00e3, kh\u00f4ng ph\u1ea3i h\u00e0ng c\u1ee7a VietBee.<br \/>\n&#8211; Vi ph\u1ea1m c\u00e1c quy \u0111\u1ecbnh v\u1ec1 s\u1eed d\u1ee5ng c\u1ee7a nh\u00e0 s\u1ea3n xu\u1ea5t (l\u1eafp\/ s\u1ea1c pin sai quy c\u00e1ch, hack\/crack s\u1ea3n ph\u1ea9m, l\u00e0m r\u01a1i\u2026)<br \/>\n&#8211; H\u1ebft th\u1eddi h\u1ea1n b\u1ea3o h\u00e0nh ho\u1eb7c kh\u00f4ng th\u1ef1c hi\u1ec7n c\u00e1c quy \u0111\u1ecbnh theo h\u01b0\u1edbng d\u1eabn \u0111\u1ec3 \u0111\u01b0\u1ee3c h\u01b0\u1edfng ch\u1ebf \u0111\u1ed9 b\u1ea3o h\u00e0nh.<br \/>\n&#8211; H\u00e0ng g\u1eedi tr\u1ea3 m\u00e0 c\u00f3 l\u1ed7i ph\u00e1t sinh do qu\u00e1 tr\u00ecnh v\u1eadn chuy\u1ec3n t\u1eeb n\u01a1i kh\u00e1ch h\u00e0ng \u0111\u1ebfn VietBee.<br \/>\nCam k\u1ebft ch\u1ea5t l\u01b0\u1ee3ng<br \/>\n\u0110\u1ec3 gi\u1eef uy t\u00edn v\u1edbi kh\u00e1ch h\u00e0ng v\u00e0 cho ch\u00ednh c\u00f4ng ty VietBee, ch\u00fang t\u00f4i cam k\u1ebft t\u1ea5t c\u1ea3 h\u00e0ng h\u00f3a \u0111\u1ec1u l\u00e0 h\u00e0ng th\u1eadt, ch\u00ednh h\u00e3ng v\u00e0 m\u1edbi 100%. N\u1ebfu trong qu\u00e1 tr\u00ecnh mua h\u00e0ng ho\u1eb7c s\u1eed d\u1ee5ng, Qu\u00fd kh\u00e1ch c\u00f3 th\u1ec3 ch\u1ee9ng minh h\u00e0ng mua t\u1eeb VietBee l\u00e0 h\u00e0ng gi\u1ea3, ch\u00fang t\u00f4i s\u1ebd \u0111\u1ec1n g\u1ea5p \u0111\u00f4i gi\u00e1 tr\u1ecb s\u1ea3n ph\u1ea9m \u0111\u00f3.<br \/>\n&#8211;\u00a0 VietBee kh\u00f4ng ch\u1ecbu tr\u00e1ch nhi\u1ec7m n\u1ebfu h\u00e0ng b\u1ecb m\u1ea5t hay h\u01b0 h\u1ecfng trong qu\u00e1 tr\u00ecnh v\u1eadn chuy\u1ec3n t\u1eeb n\u01a1i qu\u00fd kh\u00e1ch \u0111\u1ebfn VietBee.<br \/>\n&#8211;\u00a0 \u0110\u1ec3 tr\u00e1nh r\u1ee7i ro, xin qu\u00fd kh\u00e1ch vui l\u00f2ng ki\u1ec3m tra th\u1eadt s\u1ea3n ph\u1ea9m tr\u01b0\u1edbc khi k\u00fd nh\u1eadn, Vietbee s\u1ebd kh\u00f4ng ch\u1ecbu tr\u00e1ch nhi\u1ec7m v\u1edbi nh\u1eefng sai l\u1ec7ch v\u1ec1 s\u1ea3n ph\u1ea9m m\u1ed9t khi Qu\u00fd kh\u00e1ch \u0111\u00e3 k\u00fd nh\u1eadn.<br \/>\nTh\u1eddi gian &amp; th\u1ee7 t\u1ee5c \u0111\u1ed5i tr\u1ea3<br \/>\n&#8211; VietBee h\u1ed7 tr\u1ee3 \u0111\u1ed5i m\u1edbi s\u1ea3n ph\u1ea9m ngay cho kh\u00e1ch h\u00e0ng trong 02 ng\u00e0y \u0111\u1ea7u sau khi mua s\u1ea3n ph\u1ea9m (\u0110\u1ed5i m\u1edbi s\u1ea3n ph\u1ea9m c\u1ea3 s\u1ea3n ph\u1ea9m kh\u00f4ng c\u00f3 l\u1ed7i).<br \/>\n&#8211; VietBee h\u1ed7 tr\u1ee3 \u0111\u1ed5i tr\u1ea3 h\u00e0ng trong 14 ng\u00e0y \u0111\u1ea7u \u0111\u1ed1i v\u1edbi c\u00e1c s\u1ea3n ph\u1ea9m c\u00f3 l\u1ed7i (L\u1ed7i ph\u1ea7n c\u1ee9ng do nh\u00e0 s\u1ea3n xu\u1ea5t, v\u00e0 c\u00e1c tr\u01b0\u1eddng h\u1ee3p \u0111\u01b0\u1ee3c \u0111\u1ed5i tr\u1ea3 s\u1ea3n ph\u1ea9m).<br \/>\n&#8211; Khi kh\u00e1ch h\u00e0ng c\u00f3 y\u00eau c\u1ea7u \u0111\u1ed5i tr\u1ea3 h\u00e0ng xin qu\u00fd kh\u00e1ch vui l\u00f2ng li\u00ean h\u1ec7 v\u1edbi nh\u00e2n vi\u00ean kinh doanh b\u00e1n l\u1ebb \u0111\u00e3 b\u00e1n s\u1ea3n ph\u1ea9m (T\u00ean nh\u00e2n vi\u00ean kinh doanh c\u00f3 tr\u00ean phi\u1ebfu xu\u1ea5t mua h\u00e0ng c\u1ee7a kh\u00e1ch h\u00e0ng), \u0111\u1ec3 \u0111\u01b0\u1ee3c h\u01b0\u1edbng d\u1eabn chi ti\u1ebft ho\u1eb7c kh\u00e1ch h\u00e0ng mang tr\u1ef1c ti\u1ebfp s\u1ea3n ph\u1ea9m qua c\u01a1 s\u1edf b\u00e1n l\u1ebb \u0111\u00e3 mua h\u00e0ng c\u1ee7a VietBee \u0111\u1ec3 \u0111\u1ed5i tr\u1ea3 h\u00e0ng.<br \/>\nb. Th\u1ee7 t\u1ee5c \u0111\u1ed5i tr\u1ea3<br \/>\n&#8211; Mang \u0111\u1ea7y \u0111\u1ee7 s\u1ea3n ph\u1ea9m, h\u1ed9p, c\u00e1c ph\u1ee5 ki\u1ec7n \u0111i k\u00e8m v\u00e0 qu\u00e0 t\u1eb7ng k\u00e8m theo s\u1ea3n ph\u1ea9m (n\u00eau c\u00f3), gi\u1ea5y b\u1ea3o h\u00e0nh, phi\u1ebfu xu\u1ea5t kho, h\u00f3a \u0111\u01a1n VAT t\u1edbi c\u01a1 s\u1edf b\u00e1n l\u1ebb \u0111\u00e3 mua h\u00e0ng \u0111\u1ec3 l\u00e0m th\u1ee7 t\u1ee5c \u0111\u1ed5i tr\u1ea3.<br \/>\n&#8211; \u0110\u1ed1i v\u1edbi kh\u00e1ch h\u00e0ng \u1edf t\u1ec9nh xa c\u00f3 th\u1ec3 \u0111\u00f3ng g\u00f3i s\u1ea3n ph\u1ea9m \u0111\u1ea7y \u0111\u1ee7 (s\u1ea3n ph\u1ea9n, h\u1ed9p, ph\u1ee5 ki\u1ec7n, qu\u00e0 t\u1eb7ng (n\u1ebfu c\u00f3), phi\u1ebfu b\u1ea3o h\u00e0nh, phi\u1ebfu xu\u1ea5t kho, h\u00f3a \u0111\u01a1n VAT) g\u1eedi t\u1edbi c\u01a1 s\u1edf b\u00e1n \u0111\u00e3 mua, li\u00ean h\u1ec7 v\u1edbi kinh doanh \u0111\u00e3 b\u00e1n h\u00e0ng \u0111\u1ec3 \u0111\u01b0\u1ee3c h\u01b0\u1edbng d\u1eabn chi ti\u1ebft.<br \/>\n&#8211; Ph\u00ed g\u1eedi d\u1ecbch v\u1ee5 \u0111\u1ed5i tr\u1ea3 h\u00e0ng s\u1ebd do qu\u00fd kh\u00e1ch thanh to\u00e1n.<br \/>\n&#8211; Sau khi nh\u1eadn h\u00e0ng, c\u00f4ng ty VietBee s\u1ebd ki\u1ec3m tra t\u00ecnh tr\u1ea1ng s\u1ea3n ph\u1ea9m v\u00e0 c\u00f3 ph\u00fac \u0111\u00e1p cho qu\u00fd kh\u00e1ch ho\u1eb7c ch\u1ee7 \u0111\u1ed9ng li\u00ean l\u1ea1c v\u1edbi Qu\u00fd kh\u00e1ch \u0111\u1ec3 gi\u1ea3i quy\u1ebft c\u00e1c v\u1ea5n \u0111\u1ec1 (n\u1ebfu c\u00f3).<br \/>\nCh\u00fang t\u00f4i mong ti\u1ebfp t\u1ee5c nh\u1eadn \u0111\u01b0\u1ee3c s\u1ef1 \u1ee7ng h\u1ed9 v\u00e0 g\u00f3p \u00fd c\u1ee7a Qu\u00fd kh\u00e1ch; \u0111\u1ec3 ng\u00e0y c\u00e0ng ho\u00e0n thi\u1ec7n d\u1ecbch v\u1ee5 v\u00e0 mang \u0111\u1ebfn s\u1ef1 h\u00e0i l\u00f2ng.<\/p>\n","protected":false},"excerpt":{"rendered":"<p>V\u1edbi mong mu\u1ed1n mang l\u1ea1i s\u1ef1 h\u00e0i l\u00f2ng cho qu\u00fd kh\u00e1ch khi mua h\u00e0ng t\u1ea1i VietBee , ch\u00fang t\u00f4i\u00a0 c\u00f3 nh\u1eefng quy \u0111\u1ecbnh trong tr\u01b0\u1eddng h\u1ee3p qu\u00fd kh\u00e1ch mu\u1ed1n \u0111\u1ed5i hay tr\u1ea3 h\u00e0ng; nh\u1eb1m \u0111\u1ea3m b\u1ea3o r\u1eb1ng nh\u1eefng s\u1ea3n ph\u1ea9m qu\u00fd kh\u00e1ch mua l\u00e0 s\u1ea3n ph\u1ea9m m\u00e0 v\u1eeba \u00fd nh\u1ea5t. Tr\u01b0\u1eddng h\u1ee3p \u0111\u01b0\u1ee3c tr\u1ea3 h\u00e0ng,<\/p>\n","protected":false},"author":1,"featured_media":0,"parent":0,"menu_order":0,"comment_status":"closed","ping_status":"closed","template":"","meta":{"footnotes":""},"class_list":["post-401","page","type-page","status-publish","hentry"],"_links":{"self":[{"href":"https:\/\/vietbee.com\/en\/wp-json\/wp\/v2\/pages\/401","targetHints":{"allow":["GET"]}}],"collection":[{"href":"https:\/\/vietbee.com\/en\/wp-json\/wp\/v2\/pages"}],"about":[{"href":"https:\/\/vietbee.com\/en\/wp-json\/wp\/v2\/types\/page"}],"author":[{"embeddable":true,"href":"https:\/\/vietbee.com\/en\/wp-json\/wp\/v2\/users\/1"}],"replies":[{"embeddable":true,"href":"https:\/\/vietbee.com\/en\/wp-json\/wp\/v2\/comments?post=401"}],"version-history":[{"count":0,"href":"https:\/\/vietbee.com\/en\/wp-json\/wp\/v2\/pages\/401\/revisions"}],"wp:attachment":[{"href":"https:\/\/vietbee.com\/en\/wp-json\/wp\/v2\/media?parent=401"}],"curies":[{"name":"wp","href":"https:\/\/api.w.org\/{rel}","templated":true}]}}