{"id":395,"date":"2018-09-06T07:26:21","date_gmt":"2018-09-06T07:26:21","guid":{"rendered":"http:\/\/vietbee.daphongthuylucky.com\/?page_id=395"},"modified":"2018-09-06T07:26:21","modified_gmt":"2018-09-06T07:26:21","slug":"phuong-thuc-thanh-toan","status":"publish","type":"page","link":"https:\/\/vietbee.com\/en\/phuong-thuc-thanh-toan\/","title":{"rendered":"Ph\u01b0\u01a1ng th\u1ee9c thanh to\u00e1n"},"content":{"rendered":"<p><strong>1. Thanh to\u00e1n ti\u1ec1n m\u1eb7t<\/strong><br \/>\n&#8211; Kh\u00e1ch h\u00e0ng t\u1edbi giao d\u1ecbch tr\u1ef1c ti\u1ebfp t\u1ea1i Cty VietBee th\u00ec thanh to\u00e1n ti\u1ec1n m\u1eb7t t\u1ea1i \u0111\u1ecba \u0111i\u1ec3m mua h\u00e0ng.<br \/>\n+ \u0110\u1ecba ch\u1ec9: s\u1ed1 2, ng\u00f5 210 \u0111\u01b0\u1eddng L\u00ea Tr\u1ecdng T\u1ea5n, Ph\u01b0\u1eddng Kh\u01b0\u01a1ng Mai, Qu\u1eadn Thanh Xu\u00e2n, TP HN.<br \/>\n&#8211; Kh\u00e1ch h\u00e0ng \u0111\u1eb7t h\u00e0ng, \u0111\u1ecba \u0111i\u1ec3m giao h\u00e0ng l\u00e0 N\u1ed9i th\u00e0nh H\u00e0 n\u1ed9i v\u00e0 l\u00e0 \u0111\u1ecba \u0111i\u1ec3m thanh to\u00e1n th\u00ec ch\u00fang t\u00f4i s\u1ebd thu ti\u1ec1n khi giao h\u00e0ng m\u00e0 kh\u00f4ng c\u1ea7n \u0111\u1eb7t c\u1ecdc.<\/p>\n<p><strong>2. Chuy\u1ec3n kho\u1ea3n qua ng\u00e2n h\u00e0ng<\/strong><br \/>\n&#8211; Kh\u00e1ch h\u00e0ng \u0111\u1eb7t h\u00e0ng, \u0111\u1ecba \u0111i\u1ec3m giao h\u00e0ng l\u00e0 n\u1ed9i th\u00e0nh (n\u1ebfu kh\u00e1ch h\u00e0ng c\u00f3 nhu c\u1ea7u thanh to\u00e1n\u00a0 b\u1eb1ng h\u00ecnh th\u1ee9c chuy\u1ec3n kho\u1ea3n),Ngo\u1ea1i th\u00e0nh, Ngo\u1ea1i t\u1ec9nh s\u1ebd thanh to\u00e1n h\u00f3a \u0111\u01a1n b\u1eb1ng c\u00e1ch chuy\u1ec3n kho\u1ea3n tr\u01b0\u1edbc 100% gi\u00e1 tr\u1ecb \u0111\u01a1n h\u00e0ng qua ng\u00e2n h\u00e0ng v\u00e0o h\u1ec7 th\u1ed1ng t\u00e0i kho\u1ea3n ng\u00e2n h\u00e0ng c\u1ee7a VietBee.<br \/>\n&#8211; Qu\u00fd kh\u00e1ch thanh to\u00e1n qua ng\u00e2n h\u00e0ng, vui l\u00f2ng chuy\u1ec3n ti\u1ec1n \u0111\u1ebfn t\u00e0i kho\u1ea3n c\u1ee7a VietBee theo th\u00f4ng tin d\u01b0\u1edbi \u0111\u00e2y:<br \/>\n\u0110\u01a1n v\u1ecb th\u1ee5 h\u01b0\u1edfng: C\u00f4ng ty CP Th\u01b0\u01a1ng M\u1ea1i v\u00e0 D\u1ecbch V\u1ee5 VietBee &#8211; \u0110\u1ecba ch\u1ec9 :s\u1ed1 2, ng\u00f5 210 \u0111\u01b0\u1eddng L\u00ea Tr\u1ecdng T\u1ea5n, Ph\u01b0\u1eddng Kh\u01b0\u01a1ng Mai, Qu\u1eadn Thanh Xu\u00e2n, TP HN.<br \/>\n5. S\u1ed1 t\u00e0i kho\u1ea3n : 0011004039425 T\u1ea1i ng\u00e2n h\u00e0ng TMCP Ngo\u1ea1i Th\u01b0\u01a1ng Vi\u1ec7t Nam &#8211;\u00a0 CN S\u1edf GD HN.<br \/>\n&#8211; Khi nh\u1eadn \u0111\u01b0\u1ee3c gi\u1ea5y b\u00e1o nh\u1eadn ti\u1ec1n t\u1eeb ng\u00e2n h\u00e0ng, ch\u00fang t\u00f4i s\u1ebd th\u1ef1c hi\u1ec7n \u0111\u01a1n h\u00e0ng theo y\u00eau c\u1ea7u c\u1ee7a Qu\u00fd kh\u00e1ch.<br \/>\n&#8211; L\u01b0u \u00fd kh\u00e1ch h\u00e0ng:<br \/>\n+ C\u00f9ng h\u1ec7 th\u1ed1ng ng\u00e2n h\u00e0ng: Sau 10 ph\u00fat, ti\u1ec1n s\u1ebd \u0111\u01b0\u1ee3c chuy\u1ec3n v\u00e0o t\u00e0i kho\u1ea3n VietBee<br \/>\n+ Kh\u00e1c h\u1ec7 th\u1ed1ng ng\u00e2n h\u00e0ng: Trong v\u00f2ng kho\u1ea3ng 01 ng\u00e0y.<\/p>\n","protected":false},"excerpt":{"rendered":"<p>1. Thanh to\u00e1n ti\u1ec1n m\u1eb7t &#8211; Kh\u00e1ch h\u00e0ng t\u1edbi giao d\u1ecbch tr\u1ef1c ti\u1ebfp t\u1ea1i Cty VietBee th\u00ec thanh to\u00e1n ti\u1ec1n m\u1eb7t t\u1ea1i \u0111\u1ecba \u0111i\u1ec3m mua h\u00e0ng. + \u0110\u1ecba ch\u1ec9: s\u1ed1 2, ng\u00f5 210 \u0111\u01b0\u1eddng L\u00ea Tr\u1ecdng T\u1ea5n, Ph\u01b0\u1eddng Kh\u01b0\u01a1ng Mai, Qu\u1eadn Thanh Xu\u00e2n, TP HN. &#8211; Kh\u00e1ch h\u00e0ng \u0111\u1eb7t h\u00e0ng, \u0111\u1ecba \u0111i\u1ec3m giao h\u00e0ng l\u00e0<\/p>\n","protected":false},"author":1,"featured_media":0,"parent":0,"menu_order":0,"comment_status":"closed","ping_status":"closed","template":"","meta":{"footnotes":""},"class_list":["post-395","page","type-page","status-publish","hentry"],"_links":{"self":[{"href":"https:\/\/vietbee.com\/en\/wp-json\/wp\/v2\/pages\/395","targetHints":{"allow":["GET"]}}],"collection":[{"href":"https:\/\/vietbee.com\/en\/wp-json\/wp\/v2\/pages"}],"about":[{"href":"https:\/\/vietbee.com\/en\/wp-json\/wp\/v2\/types\/page"}],"author":[{"embeddable":true,"href":"https:\/\/vietbee.com\/en\/wp-json\/wp\/v2\/users\/1"}],"replies":[{"embeddable":true,"href":"https:\/\/vietbee.com\/en\/wp-json\/wp\/v2\/comments?post=395"}],"version-history":[{"count":0,"href":"https:\/\/vietbee.com\/en\/wp-json\/wp\/v2\/pages\/395\/revisions"}],"wp:attachment":[{"href":"https:\/\/vietbee.com\/en\/wp-json\/wp\/v2\/media?parent=395"}],"curies":[{"name":"wp","href":"https:\/\/api.w.org\/{rel}","templated":true}]}}