{"id":382,"date":"2018-09-06T07:19:17","date_gmt":"2018-09-06T07:19:17","guid":{"rendered":"http:\/\/vietbee.daphongthuylucky.com\/?page_id=382"},"modified":"2021-08-08T15:54:48","modified_gmt":"2021-08-08T15:54:48","slug":"mobile-networks","status":"publish","type":"page","link":"https:\/\/vietbee.com\/en\/giai-phap\/mobile-networks\/","title":{"rendered":"Gi\u1ea3i ph\u00e1p ePTP v\u00e0 ePMP v\u1ec1 \u0111\u01b0\u1eddng truy\u1ec1n Wireless th\u1ebf h\u1ec7 m\u1edbi"},"content":{"rendered":"<p style=\"text-align: center;\"><span style=\"font-size: 130%;\">Gi\u1ea3i ph\u00e1p ePTP v\u00e0 ePMP v\u1ec1 \u0111\u01b0\u1eddng truy\u1ec1n Wireless th\u1ebf h\u1ec7 m\u1edbi<\/span><\/p>\n<p style=\"text-align: center;\">VietBee | Uninet | 15\/02\/2019<\/p>\n<p>V\u1edbi xu th\u1ebf c\u00f4ng ngh\u1ec7 hi\u1ec7n nay th\u00ec gi\u1ea3i ph\u00e1p \u0111\u01b0\u1eddng truy\u1ec1n d\u1eef li\u1ec7u kh\u00f4ng d\u00e2y \u0111ang ng\u00e0y c\u00e0ng \u0111\u01b0\u1ee3c ph\u00e1t tri\u1ec3n v\u00e0 \u1ee9ng d\u1ee5ng r\u1ed9ng r\u00e3i. Tuy nhi\u00ean, \u1edf m\u1ed9t s\u1ed1 v\u1ecb tr\u00ed c\u00f3 \u0111\u1ecba h\u00ecnh kh\u00f3 kh\u0103n v\u00e0 ph\u1ee9c t\u1ea1p th\u00ec vi\u1ec7c tri\u1ec3n khai h\u1ec7 th\u1ed1ng n\u00e0y c\u00f2n g\u1eb7p nhi\u1ec1u kh\u00f3 kh\u0103n khi ph\u1ea3i m\u1ea5t qu\u00e1 nhi\u1ec1u th\u1eddi gian, m\u1ee9c chi ph\u00ed \u0111\u1ea7u t\u01b0 cao\u2026nh\u01b0ng kh\u00f4ng \u0111\u00e1p \u1ee9ng t\u1ed1t v\u1ec1 t\u00ednh hi\u1ec7u qu\u1ea3.<\/p>\n<p style=\"text-align: center;\">\u00a0 Hi\u1ec3u \u0111\u01b0\u1ee3c nhu c\u1ea7u v\u1ec1 nh\u1eefng y\u1ebfu t\u1ed1 tr\u00ean c\u00f9ng v\u1edbi vi\u1ec7c x\u00e2y d\u1ef1ng m\u1ed9t h\u1ec7 th\u1ed1ng k\u1ebft n\u1ed1i ch\u1ea5t l\u01b0\u1ee3ng c\u00f3 \u0111\u1ed9 tin c\u1eady cao c\u1ee7a c\u00e1c nh\u00e0 cung c\u1ea5p v\u00e0 c\u00e1c doanh nghi\u1ec7p, <strong>Cambium Networks<\/strong> \u2013 th\u01b0\u01a1ng hi\u1ec7u Wireless h\u00e0ng \u0111\u1ea7u c\u1ee7a Anh Qu\u1ed1c \u0111\u00e3 tung ra th\u1ecb tr\u01b0\u1eddng 2 d\u00f2ng gi\u1ea3i ph\u00e1p th\u1ebf h\u1ec7 m\u1edbi ePTP v\u00e0 ePMP. \u0110\u00e2y l\u00e0 nh\u1eefng gi\u1ea3i ph\u00e1p t\u1ed1i \u01b0u nh\u1ea5t hi\u1ec7n nay thay th\u1ebf \u0111\u01b0\u1eddng k\u00e9o cable truy\u1ec1n th\u1ed1ng, gi\u00fap ti\u1ebft ki\u1ec7m chi ph\u00ed, tri\u1ec3n khai nhanh ch\u00f3ng v\u00e0 d\u1ec5 d\u00e0ng m\u1edf r\u1ed9ng,\u2026v\u00e0 \u0111\u00e2y c\u0169ng l\u00e0 m\u1ed9t trong nh\u1eefng gi\u1ea3i ph\u00e1p kh\u00f4ng d\u00e2y cho h\u1ec7 th\u1ed1ng an ninh, camera quan s\u00e1t kh\u00f4ng d\u00e2y v\u1edbi t\u1ea7m ph\u1ee7 s\u00f3ng r\u1ed9ng\u2026<br \/>\n<img loading=\"lazy\" decoding=\"async\" class=\"alignnone size-medium wp-image-2011\" src=\"http:\/\/vietbee.vn\/wp-content\/uploads\/2019\/02\/1-711x400.png\" alt=\"\" width=\"711\" height=\"400\" srcset=\"https:\/\/vietbee.com\/wp-content\/uploads\/2019\/02\/1-711x400.png 711w, https:\/\/vietbee.com\/wp-content\/uploads\/2019\/02\/1-390x219.png 390w, https:\/\/vietbee.com\/wp-content\/uploads\/2019\/02\/1-768x432.png 768w, https:\/\/vietbee.com\/wp-content\/uploads\/2019\/02\/1-1400x788.png 1400w, https:\/\/vietbee.com\/wp-content\/uploads\/2019\/02\/1.png 1600w\" sizes=\"auto, (max-width: 711px) 100vw, 711px\" \/><br \/>\n<span style=\"color: #d83131;\"><em>Thi\u1ebft b\u1ecb ePMP 1000 v\u1edbi gi\u1ea3i ph\u00e1p cung c\u1ea5p \u0111\u1ed9 ph\u1ee7 s\u00f3ng <\/em><\/span><br \/>\n<span style=\"color: #d83131;\"><em>tr\u00ean khu v\u1ef1c r\u1ed9ng l\u1edbn v\u00e0 t\u0103ng c\u01b0\u1eddng hi\u1ec7u qu\u1ea3 c\u01a1 s\u1edf h\u1ea1 t\u1ea7ng<\/em><\/span><\/p>\n<p>T\u1ea1i th\u1ecb tr\u01b0\u1eddng Vi\u1ec7t Nam, C\u00f4ng ty VIETBEE ph\u00e2n ph\u1ed1i Cambium Networks \u2013 c\u00f4ng ty CPTM&amp;DV VIETBEE c\u0169ng \u0111\u00e3 \u0111\u01b0a ra m\u1ed9t m\u00f4 h\u00ecnh v\u1ec1 Gi\u1ea3i Ph\u00e1p C\u01a1 B\u1ea3n \u0110\u01b0\u1eddng Truy\u1ec1n Wireless ePTP v\u00e0 ePMP nh\u1eb1m gi\u1edbi thi\u1ec7u cho c\u00e1c nh\u00e0 cung c\u1ea5p v\u00e0 c\u00e1c doanh nghi\u1ec7p c\u00f3 th\u1ec3 hi\u1ec3u r\u00f5 h\u01a1n v\u1ec1 t\u00ednh hi\u1ec7u qu\u1ea3 th\u1ef1c t\u1ebf m\u00e0 02 d\u00f2ng th\u1ebf h\u1ec7 m\u1edbi ePTP v\u00e0 ePMP mang l\u1ea1i \u0111\u1ec3 c\u00f3 s\u1ef1 l\u1ef1a ch\u1ecdn t\u1ed1t nh\u1ea5t, \u0111\u00e1p \u1ee9ng t\u1ed1i \u0111a nhu c\u1ea7u c\u00f4ng ngh\u1ec7 ti\u00ean ti\u1ebfn.<\/p>\n<p><img loading=\"lazy\" decoding=\"async\" class=\"size-medium wp-image-2012 aligncenter\" src=\"http:\/\/vietbee.vn\/wp-content\/uploads\/2019\/02\/2-711x400.png\" alt=\"\" width=\"711\" height=\"400\" srcset=\"https:\/\/vietbee.com\/wp-content\/uploads\/2019\/02\/2-711x400.png 711w, https:\/\/vietbee.com\/wp-content\/uploads\/2019\/02\/2-390x219.png 390w, https:\/\/vietbee.com\/wp-content\/uploads\/2019\/02\/2-768x432.png 768w, https:\/\/vietbee.com\/wp-content\/uploads\/2019\/02\/2-1400x788.png 1400w, https:\/\/vietbee.com\/wp-content\/uploads\/2019\/02\/2.png 1600w\" sizes=\"auto, (max-width: 711px) 100vw, 711px\" \/><\/p>\n<p>Thi\u1ebft b\u1ecb thu ph\u00e1t s\u00f3ng kh\u00f4ng d\u00e2y <strong>ePMP 1000<\/strong> ho\u1ea1t \u0111\u1ed9ng \u1edf d\u1ea3i t\u1ea7n s\u1ed1 mi\u1ec5n ph\u00ed 5GHz, h\u1ed7 tr\u1ee3 t\u1ed1c \u0111\u1ed9 l\u00ean t\u1edbi 150+ Mbps \u0111\u1ec3 cung c\u1ea5p \u0111\u01b0\u1eddng truy\u1ec1n d\u1eef li\u1ec7u cho c\u00e1c d\u1ecbch v\u1ee5 b\u0103ng th\u00f4ng r\u1ed9ng nh\u01b0 VoIP, Video v\u00e0 truy\u1ec1n d\u1eabn d\u1eef li\u1ec7u cho ng\u01b0\u1eddi d\u00f9ng tr\u00ean nhi\u1ec1u lo\u1ea1i m\u00f4i tr\u01b0\u1eddng.<\/p>\n<p>C\u00e1c thi\u1ebft b\u1ecb ePMP 1000 \u0111\u01b0\u1ee3c thi\u1ebft k\u1ebf theo chu\u1ea9n \u0111\u1ec3 l\u1eafp \u0111\u1eb7t ngo\u00e0i tr\u1eddi, cung c\u1ea5p c\u00e1c k\u1ebft n\u1ed1i \u0111i\u1ec3m t\u1edbi \u0111i\u1ec3m (PTP) v\u00e0 k\u1ebft n\u1ed1i \u0111a \u0111i\u1ec3m (PMP) \u1edf kho\u1ea3ng c\u00e1ch<strong> 21km<\/strong>, s\u1ebd thay th\u1ebf cho vi\u1ec7c tri\u1ec3n khai \u0111\u01b0\u1eddng truy\u1ec1n b\u1eb1ng d\u00e2y c\u00e1p quang ph\u1ee9c t\u1ea1p v\u00e0 t\u1ed1n k\u00e9m.<\/p>\n<p>\u2022 <strong>V\u1ec1 ch\u1ea5t l\u01b0\u1ee3ng d\u1ecbch v\u1ee5 (QoS): ePMP 1000<\/strong> s\u1eed d\u1ee5ng nh\u1eefng c\u00f4ng ngh\u1ec7 m\u1edbi lu\u00f4n \u0111\u1ea3m b\u1ea3o cho c\u00e1c d\u1ecbch v\u1ee5 th\u1eddi gian th\u1ef1c nh\u01b0 VoIP, truy\u1ec1n t\u1ea3i Video camera quan s\u00e1t v\u00e0 c\u00e1c d\u1ecbch v\u1ee5 d\u1eef li\u1ec7u c\u1ea7n t\u1ed1c \u0111\u1ed9 v\u00e0 b\u0103ng th\u00f4ng l\u1edbn.<\/p>\n<p>\u2022<strong> V\u1ec1 \u0111\u1ed9 tin c\u1eady: ePMP 1000<\/strong> cung c\u1ea5p \u0111\u01b0\u1eddng truy\u1ec1n d\u1eabn th\u00f4ng tin \u0111\u01b0\u1ee3c m\u00e3 h\u00f3a theo ti\u00eau chu\u1ea9n b\u1ea3o m\u1eadt, s\u1eed d\u1ee5ng c\u00e1c thu\u1eadt to\u00e1n \u0111i\u1ec1u ch\u1ebf t\u00edn hi\u1ec7u gi\u1ea3m c\u00e1c s\u1ef1 c\u1ed1 x\u1ea3y ra trong qu\u00e1 tr\u00ecnh truy\u1ec1n d\u1eef li\u1ec7u c\u0169ng nh\u01b0 t\u1ed1i \u0111a h\u00f3a hi\u1ec7u su\u1ea5t ho\u1ea1t \u0111\u1ed9ng \u1ed5n \u0111\u1ecbnh, b\u1ec1n b\u1ec9, gi\u1ea3m thi\u1ec3u chi ph\u00ed b\u1ea3o tr\u00ec. V\u1edbi c\u00f4ng su\u1ea5t ph\u00e1t s\u00f3ng c\u1ef1c m\u1ea1nh t\u1eeb 20 -30 dBm,<br \/>\nho\u1ea1t \u0111\u1ed9ng tr\u00ean c\u1ea3 2 b\u0103ng t\u1ea7ng 2.4 GHz v\u00e0 5GHz theo chu\u1ea9n c\u00f4ng ngh\u1ec7 WiFi 802.11 ac\/n,<br \/>\n\u0111\u1ea3m b\u1ea3o t\u00edn hi\u1ec7u nh\u1eadn \u0111\u01b0\u1ee3c t\u1ed1i \u0111a tr\u00ean c\u00e1c thi\u1ebft b\u1ecb k\u1ebft n\u1ed1i.<br \/>\nM\u1edf r\u1ed9ng c\u00e1c ti\u1ec7n \u00edch kh\u00e1c<br \/>\n\u2013 Kinh doanh wifi<br \/>\n\u2013 H\u1ed5 tr\u1ee3 trang ch\u00e0o qu\u1ea3ng c\u00e1o, marketing, thu th\u1eadp th\u00f4ng tin ng\u01b0\u1eddi d\u00f9ng \u2026<br \/>\n\u2013 H\u1ec7 th\u1ed1ng Wifi n\u1ed9i b\u1ed9 gi\u00fap gi\u1ea3m chi ph\u00ed li\u00ean l\u1ea1c gi\u1eefa c\u00e1c nh\u00e2n vi\u00ean.\n<p style=\"text-align: center;\"><span style=\"font-size: 130%;\">Gi\u1ea3i ph\u00e1p ePTP v\u00e0 ePMP v\u1ec1 \u0111\u01b0\u1eddng truy\u1ec1n Wireless th\u1ebf h\u1ec7 m\u1edbi<\/span><\/p>\n<p style=\"text-align: center;\">VietBee | Uninet | 15\/02\/2019<\/p>\n<p>V\u1edbi xu th\u1ebf c\u00f4ng ngh\u1ec7 hi\u1ec7n nay th\u00ec gi\u1ea3i ph\u00e1p \u0111\u01b0\u1eddng truy\u1ec1n d\u1eef li\u1ec7u kh\u00f4ng d\u00e2y \u0111ang ng\u00e0y c\u00e0ng \u0111\u01b0\u1ee3c ph\u00e1t tri\u1ec3n v\u00e0 \u1ee9ng d\u1ee5ng r\u1ed9ng r\u00e3i. Tuy nhi\u00ean, \u1edf m\u1ed9t s\u1ed1 v\u1ecb tr\u00ed c\u00f3 \u0111\u1ecba h\u00ecnh kh\u00f3 kh\u0103n v\u00e0 ph\u1ee9c t\u1ea1p th\u00ec vi\u1ec7c tri\u1ec3n khai h\u1ec7 th\u1ed1ng n\u00e0y c\u00f2n g\u1eb7p nhi\u1ec1u kh\u00f3 kh\u0103n khi ph\u1ea3i m\u1ea5t qu\u00e1 nhi\u1ec1u th\u1eddi gian, m\u1ee9c chi ph\u00ed \u0111\u1ea7u t\u01b0 cao\u2026nh\u01b0ng kh\u00f4ng \u0111\u00e1p \u1ee9ng t\u1ed1t v\u1ec1 t\u00ednh hi\u1ec7u qu\u1ea3.<\/p>\n<p style=\"text-align: center;\">\u00a0 Hi\u1ec3u \u0111\u01b0\u1ee3c nhu c\u1ea7u v\u1ec1 nh\u1eefng y\u1ebfu t\u1ed1 tr\u00ean c\u00f9ng v\u1edbi vi\u1ec7c x\u00e2y d\u1ef1ng m\u1ed9t h\u1ec7 th\u1ed1ng k\u1ebft n\u1ed1i ch\u1ea5t l\u01b0\u1ee3ng c\u00f3 \u0111\u1ed9 tin c\u1eady cao c\u1ee7a c\u00e1c nh\u00e0 cung c\u1ea5p v\u00e0 c\u00e1c doanh nghi\u1ec7p, <strong>Cambium Networks<\/strong> \u2013 th\u01b0\u01a1ng hi\u1ec7u Wireless h\u00e0ng \u0111\u1ea7u c\u1ee7a Anh Qu\u1ed1c \u0111\u00e3 tung ra th\u1ecb tr\u01b0\u1eddng 2 d\u00f2ng <span style=\"color: #d83131;\">gi\u1ea3i ph\u00e1p th\u1ebf h\u1ec7 m\u1edbi ePTP v\u00e0 ePMP.<\/span> \u0110\u00e2y l\u00e0 nh\u1eefng gi\u1ea3i ph\u00e1p t\u1ed1i \u01b0u nh\u1ea5t hi\u1ec7n nay thay th\u1ebf \u0111\u01b0\u1eddng k\u00e9o cable truy\u1ec1n th\u1ed1ng, gi\u00fap ti\u1ebft ki\u1ec7m chi ph\u00ed, tri\u1ec3n khai nhanh ch\u00f3ng v\u00e0 d\u1ec5 d\u00e0ng m\u1edf r\u1ed9ng,\u2026v\u00e0 \u0111\u00e2y c\u0169ng l\u00e0 m\u1ed9t trong nh\u1eefng gi\u1ea3i ph\u00e1p kh\u00f4ng d\u00e2y cho h\u1ec7 th\u1ed1ng an ninh, camera quan s\u00e1t kh\u00f4ng d\u00e2y v\u1edbi t\u1ea7m ph\u1ee7 s\u00f3ng r\u1ed9ng\u2026<br \/>\n<img loading=\"lazy\" decoding=\"async\" class=\"alignnone size-medium wp-image-2011\" src=\"http:\/\/vietbee.vn\/wp-content\/uploads\/2019\/02\/1-711x400.png\" alt=\"\" width=\"711\" height=\"400\" srcset=\"https:\/\/vietbee.com\/wp-content\/uploads\/2019\/02\/1-711x400.png 711w, https:\/\/vietbee.com\/wp-content\/uploads\/2019\/02\/1-390x219.png 390w, https:\/\/vietbee.com\/wp-content\/uploads\/2019\/02\/1-768x432.png 768w, https:\/\/vietbee.com\/wp-content\/uploads\/2019\/02\/1-1400x788.png 1400w, https:\/\/vietbee.com\/wp-content\/uploads\/2019\/02\/1.png 1600w\" sizes=\"auto, (max-width: 711px) 100vw, 711px\" \/><br \/>\n<span style=\"color: #ed1c24;\"><em>Thi\u1ebft b\u1ecb ePMP 1000 v\u1edbi gi\u1ea3i ph\u00e1p cung c\u1ea5p \u0111\u1ed9 ph\u1ee7 s\u00f3ng <\/em><\/span><br \/>\n<span style=\"color: #ed1c24;\"><em>tr\u00ean khu v\u1ef1c r\u1ed9ng l\u1edbn v\u00e0 t\u0103ng c\u01b0\u1eddng hi\u1ec7u qu\u1ea3 c\u01a1 s\u1edf h\u1ea1 t\u1ea7ng<\/em><\/span><\/p>\n<p style=\"text-align: center;\">T\u1ea1i th\u1ecb tr\u01b0\u1eddng Vi\u1ec7t Nam, nh\u00e0 ph\u00e2n ph\u1ed1i \u0111\u1ed9c quy\u1ec1n c\u1ee7a Cambium Networks \u2013 c\u00f4ng ty CPTM&amp;DV VIETBEE c\u0169ng \u0111\u00e3 \u0111\u01b0a ra m\u1ed9t m\u00f4 h\u00ecnh v\u1ec1 Gi\u1ea3i Ph\u00e1p C\u01a1 B\u1ea3n \u0110\u01b0\u1eddng Truy\u1ec1n Wireless ePTP v\u00e0 ePMP nh\u1eb1m gi\u1edbi thi\u1ec7u cho c\u00e1c nh\u00e0 cung c\u1ea5p v\u00e0 c\u00e1c doanh nghi\u1ec7p c\u00f3 th\u1ec3 hi\u1ec3u r\u00f5 h\u01a1n v\u1ec1 t\u00ednh hi\u1ec7u qu\u1ea3 th\u1ef1c t\u1ebf m\u00e0 02 d\u00f2ng th\u1ebf h\u1ec7 m\u1edbi ePTP v\u00e0 ePMP mang l\u1ea1i \u0111\u1ec3 c\u00f3 s\u1ef1 l\u1ef1a ch\u1ecdn t\u1ed1t nh\u1ea5t, \u0111\u00e1p \u1ee9ng t\u1ed1i \u0111a nhu c\u1ea7u c\u00f4ng ngh\u1ec7 ti\u00ean ti\u1ebfn.<\/p>\n<p><img loading=\"lazy\" decoding=\"async\" class=\"size-medium wp-image-2012 aligncenter\" src=\"http:\/\/vietbee.vn\/wp-content\/uploads\/2019\/02\/2-711x400.png\" alt=\"\" width=\"711\" height=\"400\" srcset=\"https:\/\/vietbee.com\/wp-content\/uploads\/2019\/02\/2-711x400.png 711w, https:\/\/vietbee.com\/wp-content\/uploads\/2019\/02\/2-390x219.png 390w, https:\/\/vietbee.com\/wp-content\/uploads\/2019\/02\/2-768x432.png 768w, https:\/\/vietbee.com\/wp-content\/uploads\/2019\/02\/2-1400x788.png 1400w, https:\/\/vietbee.com\/wp-content\/uploads\/2019\/02\/2.png 1600w\" sizes=\"auto, (max-width: 711px) 100vw, 711px\" \/><\/p>\n<p>Thi\u1ebft b\u1ecb thu ph\u00e1t s\u00f3ng kh\u00f4ng d\u00e2y <strong>ePMP 1000<\/strong> ho\u1ea1t \u0111\u1ed9ng \u1edf d\u1ea3i t\u1ea7n s\u1ed1 mi\u1ec5n ph\u00ed 5GHz, h\u1ed7 tr\u1ee3 t\u1ed1c \u0111\u1ed9 l\u00ean t\u1edbi 150+ Mbps \u0111\u1ec3 cung c\u1ea5p \u0111\u01b0\u1eddng truy\u1ec1n d\u1eef li\u1ec7u cho c\u00e1c d\u1ecbch v\u1ee5 b\u0103ng th\u00f4ng r\u1ed9ng nh\u01b0 VoIP, Video v\u00e0 truy\u1ec1n d\u1eabn d\u1eef li\u1ec7u cho ng\u01b0\u1eddi d\u00f9ng tr\u00ean nhi\u1ec1u lo\u1ea1i m\u00f4i tr\u01b0\u1eddng.<\/p>\n<p>C\u00e1c thi\u1ebft b\u1ecb ePMP 1000 \u0111\u01b0\u1ee3c thi\u1ebft k\u1ebf theo chu\u1ea9n \u0111\u1ec3 l\u1eafp \u0111\u1eb7t ngo\u00e0i tr\u1eddi, cung c\u1ea5p c\u00e1c k\u1ebft n\u1ed1i \u0111i\u1ec3m t\u1edbi \u0111i\u1ec3m (PTP) v\u00e0 k\u1ebft n\u1ed1i \u0111a \u0111i\u1ec3m (PMP) \u1edf kho\u1ea3ng c\u00e1ch<strong> 21km<\/strong>, s\u1ebd thay th\u1ebf cho vi\u1ec7c tri\u1ec3n khai \u0111\u01b0\u1eddng truy\u1ec1n b\u1eb1ng d\u00e2y c\u00e1p quang ph\u1ee9c t\u1ea1p v\u00e0 t\u1ed1n k\u00e9m.<\/p>\n<p>\u2022 <strong>V\u1ec1 ch\u1ea5t l\u01b0\u1ee3ng d\u1ecbch v\u1ee5 (QoS): ePMP 1000<\/strong> s\u1eed d\u1ee5ng nh\u1eefng c\u00f4ng ngh\u1ec7 m\u1edbi lu\u00f4n \u0111\u1ea3m b\u1ea3o cho c\u00e1c d\u1ecbch v\u1ee5 th\u1eddi gian th\u1ef1c nh\u01b0 VoIP, truy\u1ec1n t\u1ea3i Video camera quan s\u00e1t v\u00e0 c\u00e1c d\u1ecbch v\u1ee5 d\u1eef li\u1ec7u c\u1ea7n t\u1ed1c \u0111\u1ed9 v\u00e0 b\u0103ng th\u00f4ng l\u1edbn.<\/p>\n<p>\u2022<strong> V\u1ec1 \u0111\u1ed9 tin c\u1eady: ePMP 1000<\/strong> cung c\u1ea5p \u0111\u01b0\u1eddng truy\u1ec1n d\u1eabn th\u00f4ng tin \u0111\u01b0\u1ee3c m\u00e3 h\u00f3a theo ti\u00eau chu\u1ea9n b\u1ea3o m\u1eadt, s\u1eed d\u1ee5ng c\u00e1c thu\u1eadt to\u00e1n \u0111i\u1ec1u ch\u1ebf t\u00edn hi\u1ec7u gi\u1ea3m c\u00e1c s\u1ef1 c\u1ed1 x\u1ea3y ra trong qu\u00e1 tr\u00ecnh truy\u1ec1n d\u1eef li\u1ec7u c\u0169ng nh\u01b0 t\u1ed1i \u0111a h\u00f3a hi\u1ec7u su\u1ea5t ho\u1ea1t \u0111\u1ed9ng \u1ed5n \u0111\u1ecbnh, b\u1ec1n b\u1ec9, gi\u1ea3m thi\u1ec3u chi ph\u00ed b\u1ea3o tr\u00ec. V\u1edbi c\u00f4ng su\u1ea5t ph\u00e1t s\u00f3ng c\u1ef1c m\u1ea1nh t\u1eeb 20 -30 dBm,<br \/>\nho\u1ea1t \u0111\u1ed9ng tr\u00ean c\u1ea3 2 b\u0103ng t\u1ea7ng 2.4 GHz v\u00e0 5GHz theo chu\u1ea9n c\u00f4ng ngh\u1ec7 WiFi 802.11 ac\/n,<br \/>\n\u0111\u1ea3m b\u1ea3o t\u00edn hi\u1ec7u nh\u1eadn \u0111\u01b0\u1ee3c t\u1ed1i \u0111a tr\u00ean c\u00e1c thi\u1ebft b\u1ecb k\u1ebft n\u1ed1i.<br \/>\nM\u1edf r\u1ed9ng c\u00e1c ti\u1ec7n \u00edch kh\u00e1c<br \/>\n\u2013 Kinh doanh wifi<br \/>\n\u2013 H\u1ed5 tr\u1ee3 trang ch\u00e0o qu\u1ea3ng c\u00e1o, marketing, thu th\u1eadp th\u00f4ng tin ng\u01b0\u1eddi d\u00f9ng \u2026<br \/>\n\u2013 H\u1ec7 th\u1ed1ng Wifi n\u1ed9i b\u1ed9 gi\u00fap gi\u1ea3m chi ph\u00ed li\u00ean l\u1ea1c gi\u1eefa c\u00e1c nh\u00e2n vi\u00ean.<\/p>","protected":false},"excerpt":{"rendered":"<p>Gi\u1ea3i ph\u00e1p ePTP v\u00e0 ePMP v\u1ec1 \u0111\u01b0\u1eddng truy\u1ec1n Wireless th\u1ebf h\u1ec7 m\u1edbi VietBee | Uninet | 15\/02\/2019 V\u1edbi xu th\u1ebf c\u00f4ng ngh\u1ec7 hi\u1ec7n nay th\u00ec gi\u1ea3i ph\u00e1p \u0111\u01b0\u1eddng truy\u1ec1n d\u1eef li\u1ec7u kh\u00f4ng d\u00e2y \u0111ang ng\u00e0y c\u00e0ng \u0111\u01b0\u1ee3c ph\u00e1t tri\u1ec3n v\u00e0 \u1ee9ng d\u1ee5ng r\u1ed9ng r\u00e3i. Tuy nhi\u00ean, \u1edf m\u1ed9t s\u1ed1 v\u1ecb tr\u00ed c\u00f3 \u0111\u1ecba h\u00ecnh kh\u00f3<\/p>\n","protected":false},"author":1,"featured_media":0,"parent":274,"menu_order":0,"comment_status":"closed","ping_status":"closed","template":"","meta":{"footnotes":""},"class_list":["post-382","page","type-page","status-publish","hentry"],"_links":{"self":[{"href":"https:\/\/vietbee.com\/en\/wp-json\/wp\/v2\/pages\/382","targetHints":{"allow":["GET"]}}],"collection":[{"href":"https:\/\/vietbee.com\/en\/wp-json\/wp\/v2\/pages"}],"about":[{"href":"https:\/\/vietbee.com\/en\/wp-json\/wp\/v2\/types\/page"}],"author":[{"embeddable":true,"href":"https:\/\/vietbee.com\/en\/wp-json\/wp\/v2\/users\/1"}],"replies":[{"embeddable":true,"href":"https:\/\/vietbee.com\/en\/wp-json\/wp\/v2\/comments?post=382"}],"version-history":[{"count":0,"href":"https:\/\/vietbee.com\/en\/wp-json\/wp\/v2\/pages\/382\/revisions"}],"up":[{"embeddable":true,"href":"https:\/\/vietbee.com\/en\/wp-json\/wp\/v2\/pages\/274"}],"wp:attachment":[{"href":"https:\/\/vietbee.com\/en\/wp-json\/wp\/v2\/media?parent=382"}],"curies":[{"name":"wp","href":"https:\/\/api.w.org\/{rel}","templated":true}]}}